{"id":10128,"date":"2023-08-21T16:36:58","date_gmt":"2023-08-21T16:36:58","guid":{"rendered":"https:\/\/golighthouse.com\/tr\/?page_id=10128"},"modified":"2026-01-14T08:27:40","modified_gmt":"2026-01-14T08:27:40","slug":"quality","status":"publish","type":"page","link":"https:\/\/golighthouse.com\/tr\/lighthouse-emea-hakkinda\/quality\/","title":{"rendered":"Kalite Politikas\u0131"},"content":{"rendered":"\t\t<div data-elementor-type=\"wp-page\" data-elementor-id=\"10128\" class=\"elementor elementor-10128\" data-elementor-post-type=\"page\">\n\t\t\t\t\t\t<section class=\"elementor-section elementor-top-section elementor-element elementor-element-14fefe8 elementor-reverse-mobile elementor-section-full_width elementor-section-height-default elementor-section-height-default\" data-id=\"14fefe8\" data-element_type=\"section\" data-e-type=\"section\" data-settings=\"{&quot;jet_parallax_layout_list&quot;:[]}\">\n\t\t\t\t\t\t<div class=\"elementor-container elementor-column-gap-default\">\n\t\t\t\t\t<div class=\"elementor-column elementor-col-100 elementor-top-column elementor-element elementor-element-786d7fa\" data-id=\"786d7fa\" data-element_type=\"column\" data-e-type=\"column\">\n\t\t\t<div class=\"elementor-widget-wrap elementor-element-populated\">\n\t\t\t\t\t\t<div class=\"elementor-element elementor-element-e045631 elementor-widget elementor-widget-heading\" data-id=\"e045631\" data-element_type=\"widget\" data-e-type=\"widget\" data-widget_type=\"heading.default\">\n\t\t\t\t<div class=\"elementor-widget-container\">\n\t\t\t\t\t<h1 class=\"elementor-heading-title elementor-size-default\">Kalite Politikas\u0131<\/h1>\t\t\t\t<\/div>\n\t\t\t\t<\/div>\n\t\t\t\t<div class=\"elementor-element elementor-element-4d76136 elementor-widget-divider--view-line elementor-widget elementor-widget-divider\" data-id=\"4d76136\" data-element_type=\"widget\" data-e-type=\"widget\" data-widget_type=\"divider.default\">\n\t\t\t\t<div class=\"elementor-widget-container\">\n\t\t\t\t\t\t\t<div class=\"elementor-divider\">\n\t\t\t<span class=\"elementor-divider-separator\">\n\t\t\t\t\t\t<\/span>\n\t\t<\/div>\n\t\t\t\t\t\t<\/div>\n\t\t\t\t<\/div>\n\t\t\t\t\t<\/div>\n\t\t<\/div>\n\t\t\t\t\t<\/div>\n\t\t<\/section>\n\t\t<div class=\"elementor-element elementor-element-bb65dca e-con-full e-flex e-con e-parent\" data-id=\"bb65dca\" data-element_type=\"container\" data-e-type=\"container\" data-settings=\"{&quot;jet_parallax_layout_list&quot;:[]}\">\n\t\t<div class=\"elementor-element elementor-element-691a1b6 e-con-full e-flex e-con e-child\" data-id=\"691a1b6\" data-element_type=\"container\" data-e-type=\"container\" data-settings=\"{&quot;jet_parallax_layout_list&quot;:[]}\">\n\t\t\t\t<div class=\"elementor-element elementor-element-eaa86f8 elementor-widget elementor-widget-text-editor\" data-id=\"eaa86f8\" data-element_type=\"widget\" data-e-type=\"widget\" data-widget_type=\"text-editor.default\">\n\t\t\t\t<div class=\"elementor-widget-container\">\n\t\t\t\t\t\t\t\t\t<p>D\u00fcr\u00fcstl\u00fck ve kaliteli hizmeti ilke edinen <strong>Lighthouse Worldwide Solutions EMEA<\/strong>;<\/p>\n<p>Memnuniyet odakl\u0131, gizlilik esasl\u0131 kaliteli hizmeti ula\u015f\u0131labilir k\u0131larak m\u00fc\u015fterisine, \u00f6zl\u00fck ve sosyal haklar\u0131n\u0131 g\u00f6zeterek adil y\u00f6netim anlay\u0131\u015f\u0131yla personeline, her t\u00fcrl\u00fc y\u00fck\u00fcml\u00fcl\u00fcklerini yasal mevzuatlara uygun \u015fekilde eksiksiz ve zaman\u0131nda yerine getirerek devletine ve t\u00fcm ilgili taraflara, s\u00fcrd\u00fcr\u00fclebilir bir y\u00f6netim anlay\u0131\u015f\u0131 ile hissedarlar\u0131na, uyumlu ve kar\u015f\u0131l\u0131kl\u0131 katma de\u011feri esas alan anlay\u0131\u015f\u0131yla tedarik\u00e7ilerine, \u00e7evreye duyarl\u0131, enerji verimli ve s\u00fcrd\u00fcr\u00fclebilir s\u00fcre\u00e7ler olu\u015fturarak ve sahip oldu\u011fu bilim ve teknolojiyi hayat\u0131 kolayla\u015ft\u0131ran \u00e7\u00f6z\u00fcmler i\u00e7in kullanarak insanl\u0131\u011fa g\u00f6revini yerine getirmeyi ama\u00e7layarak,<\/p>\n<p>ISO 9001:2015 kalite y\u00f6netim sistemini ve ISO\/IEC&nbsp;17025:2017 akrediteli laboratuvar sistemini t\u00fcm personeliyle uygulayarak ve s\u00fcrekli iyile\u015ftirerek alan\u0131n\u0131n en iyisi yapmay\u0131 <strong>kalite politikas\u0131<\/strong> olarak belirlemi\u015ftir.<br><br>Ha\u015fim Solmaz<br>Genel M\u00fcd\u00fcr<br>24.11.2025<\/p>\t\t\t\t\t\t\t\t<\/div>\n\t\t\t\t<\/div>\n\t\t\t\t<\/div>\n\t\t\t\t<\/div>\n\t\t\t\t<\/div>\n\t\t","protected":false},"excerpt":{"rendered":"<p>D\u00fcr\u00fcstl\u00fck ve kaliteli hizmeti ilke edinen Lighthouse Worldwide Solutions EMEA; Memnuniyet odakl\u0131, gizlilik esasl\u0131 kaliteli hizmeti ula\u015f\u0131labilir k\u0131larak m\u00fc\u015fterisine, \u00f6zl\u00fck ve sosyal haklar\u0131n\u0131 g\u00f6zeterek adil y\u00f6netim anlay\u0131\u015f\u0131yla personeline, her t\u00fcrl\u00fc y\u00fck\u00fcml\u00fcl\u00fcklerini yasal mevzuatlara uygun \u015fekilde eksiksiz ve zaman\u0131nda yerine getirerek devletine ve t\u00fcm ilgili taraflara, s\u00fcrd\u00fcr\u00fclebilir bir y\u00f6netim anlay\u0131\u015f\u0131 ile hissedarlar\u0131na, uyumlu ve kar\u015f\u0131l\u0131kl\u0131 katma [&hellip;]<\/p>\n","protected":false},"author":1,"featured_media":0,"parent":70,"menu_order":0,"comment_status":"closed","ping_status":"closed","template":"elementor_header_footer","meta":{"footnotes":""},"class_list":["post-10128","page","type-page","status-publish","hentry"],"yoast_head":"<!-- This site is optimized with the Yoast SEO plugin v27.3 - https:\/\/yoast.com\/product\/yoast-seo-wordpress\/ -->\n<title>Kalite Politikas\u0131 - EMEA<\/title>\n<meta name=\"robots\" content=\"index, follow, max-snippet:-1, max-image-preview:large, max-video-preview:-1\" \/>\n<link rel=\"canonical\" href=\"https:\/\/golighthouse.com\/tr\/lighthouse-emea-hakkinda\/quality\/\" \/>\n<meta property=\"og:locale\" content=\"en_US\" \/>\n<meta property=\"og:type\" content=\"article\" \/>\n<meta property=\"og:title\" content=\"Kalite Politikas\u0131 - EMEA\" \/>\n<meta property=\"og:description\" content=\"D\u00fcr\u00fcstl\u00fck ve kaliteli hizmeti ilke edinen Lighthouse Worldwide Solutions EMEA; Memnuniyet odakl\u0131, gizlilik esasl\u0131 kaliteli hizmeti ula\u015f\u0131labilir k\u0131larak m\u00fc\u015fterisine, \u00f6zl\u00fck ve sosyal haklar\u0131n\u0131 g\u00f6zeterek adil y\u00f6netim anlay\u0131\u015f\u0131yla personeline, her t\u00fcrl\u00fc y\u00fck\u00fcml\u00fcl\u00fcklerini yasal mevzuatlara uygun \u015fekilde eksiksiz ve zaman\u0131nda yerine getirerek devletine ve t\u00fcm ilgili taraflara, s\u00fcrd\u00fcr\u00fclebilir bir y\u00f6netim anlay\u0131\u015f\u0131 ile hissedarlar\u0131na, uyumlu ve kar\u015f\u0131l\u0131kl\u0131 katma [&hellip;]\" \/>\n<meta property=\"og:url\" content=\"https:\/\/golighthouse.com\/tr\/lighthouse-emea-hakkinda\/quality\/\" \/>\n<meta property=\"og:site_name\" content=\"EMEA\" \/>\n<meta property=\"article:modified_time\" content=\"2026-01-14T08:27:40+00:00\" \/>\n<meta name=\"twitter:card\" content=\"summary_large_image\" \/>\n<meta name=\"twitter:label1\" content=\"Est. reading time\" \/>\n\t<meta name=\"twitter:data1\" content=\"1 minute\" \/>\n<script type=\"application\/ld+json\" class=\"yoast-schema-graph\">{\"@context\":\"https:\\\/\\\/schema.org\",\"@graph\":[{\"@type\":\"WebPage\",\"@id\":\"https:\\\/\\\/golighthouse.com\\\/tr\\\/lighthouse-emea-hakkinda\\\/quality\\\/\",\"url\":\"https:\\\/\\\/golighthouse.com\\\/tr\\\/lighthouse-emea-hakkinda\\\/quality\\\/\",\"name\":\"Kalite Politikas\u0131 - EMEA\",\"isPartOf\":{\"@id\":\"https:\\\/\\\/golighthouse.com\\\/tr\\\/#website\"},\"datePublished\":\"2023-08-21T16:36:58+00:00\",\"dateModified\":\"2026-01-14T08:27:40+00:00\",\"breadcrumb\":{\"@id\":\"https:\\\/\\\/golighthouse.com\\\/tr\\\/lighthouse-emea-hakkinda\\\/quality\\\/#breadcrumb\"},\"inLanguage\":\"en\",\"potentialAction\":[{\"@type\":\"ReadAction\",\"target\":[\"https:\\\/\\\/golighthouse.com\\\/tr\\\/lighthouse-emea-hakkinda\\\/quality\\\/\"]}]},{\"@type\":\"BreadcrumbList\",\"@id\":\"https:\\\/\\\/golighthouse.com\\\/tr\\\/lighthouse-emea-hakkinda\\\/quality\\\/#breadcrumb\",\"itemListElement\":[{\"@type\":\"ListItem\",\"position\":1,\"name\":\"Home\",\"item\":\"https:\\\/\\\/golighthouse.com\\\/tr\\\/\"},{\"@type\":\"ListItem\",\"position\":2,\"name\":\"Lighthouse EMEA Hakk\u0131nda\",\"item\":\"https:\\\/\\\/golighthouse.com\\\/tr\\\/lighthouse-emea-hakkinda\\\/\"},{\"@type\":\"ListItem\",\"position\":3,\"name\":\"Kalite Politikas\u0131\"}]},{\"@type\":\"WebSite\",\"@id\":\"https:\\\/\\\/golighthouse.com\\\/tr\\\/#website\",\"url\":\"https:\\\/\\\/golighthouse.com\\\/tr\\\/\",\"name\":\"EMEA\",\"description\":\"Just another WordPress site\",\"publisher\":{\"@id\":\"https:\\\/\\\/golighthouse.com\\\/tr\\\/#organization\"},\"potentialAction\":[{\"@type\":\"SearchAction\",\"target\":{\"@type\":\"EntryPoint\",\"urlTemplate\":\"https:\\\/\\\/golighthouse.com\\\/tr\\\/?s={search_term_string}\"},\"query-input\":{\"@type\":\"PropertyValueSpecification\",\"valueRequired\":true,\"valueName\":\"search_term_string\"}}],\"inLanguage\":\"en\"},{\"@type\":\"Organization\",\"@id\":\"https:\\\/\\\/golighthouse.com\\\/tr\\\/#organization\",\"name\":\"EMEA\",\"url\":\"https:\\\/\\\/golighthouse.com\\\/tr\\\/\",\"logo\":{\"@type\":\"ImageObject\",\"inLanguage\":\"en\",\"@id\":\"https:\\\/\\\/golighthouse.com\\\/tr\\\/#\\\/schema\\\/logo\\\/image\\\/\",\"url\":\"https:\\\/\\\/golighthouse.com\\\/tr\\\/wp-content\\\/uploads\\\/2023\\\/05\\\/LWS-Horizontal-White.png\",\"contentUrl\":\"https:\\\/\\\/golighthouse.com\\\/tr\\\/wp-content\\\/uploads\\\/2023\\\/05\\\/LWS-Horizontal-White.png\",\"width\":2495,\"height\":650,\"caption\":\"EMEA\"},\"image\":{\"@id\":\"https:\\\/\\\/golighthouse.com\\\/tr\\\/#\\\/schema\\\/logo\\\/image\\\/\"}}]}<\/script>\n<!-- \/ Yoast SEO plugin. -->","yoast_head_json":{"title":"Kalite Politikas\u0131 - EMEA","robots":{"index":"index","follow":"follow","max-snippet":"max-snippet:-1","max-image-preview":"max-image-preview:large","max-video-preview":"max-video-preview:-1"},"canonical":"https:\/\/golighthouse.com\/tr\/lighthouse-emea-hakkinda\/quality\/","og_locale":"en_US","og_type":"article","og_title":"Kalite Politikas\u0131 - EMEA","og_description":"D\u00fcr\u00fcstl\u00fck ve kaliteli hizmeti ilke edinen Lighthouse Worldwide Solutions EMEA; Memnuniyet odakl\u0131, gizlilik esasl\u0131 kaliteli hizmeti ula\u015f\u0131labilir k\u0131larak m\u00fc\u015fterisine, \u00f6zl\u00fck ve sosyal haklar\u0131n\u0131 g\u00f6zeterek adil y\u00f6netim anlay\u0131\u015f\u0131yla personeline, her t\u00fcrl\u00fc y\u00fck\u00fcml\u00fcl\u00fcklerini yasal mevzuatlara uygun \u015fekilde eksiksiz ve zaman\u0131nda yerine getirerek devletine ve t\u00fcm ilgili taraflara, s\u00fcrd\u00fcr\u00fclebilir bir y\u00f6netim anlay\u0131\u015f\u0131 ile hissedarlar\u0131na, uyumlu ve kar\u015f\u0131l\u0131kl\u0131 katma [&hellip;]","og_url":"https:\/\/golighthouse.com\/tr\/lighthouse-emea-hakkinda\/quality\/","og_site_name":"EMEA","article_modified_time":"2026-01-14T08:27:40+00:00","twitter_card":"summary_large_image","twitter_misc":{"Est. reading time":"1 minute"},"schema":{"@context":"https:\/\/schema.org","@graph":[{"@type":"WebPage","@id":"https:\/\/golighthouse.com\/tr\/lighthouse-emea-hakkinda\/quality\/","url":"https:\/\/golighthouse.com\/tr\/lighthouse-emea-hakkinda\/quality\/","name":"Kalite Politikas\u0131 - EMEA","isPartOf":{"@id":"https:\/\/golighthouse.com\/tr\/#website"},"datePublished":"2023-08-21T16:36:58+00:00","dateModified":"2026-01-14T08:27:40+00:00","breadcrumb":{"@id":"https:\/\/golighthouse.com\/tr\/lighthouse-emea-hakkinda\/quality\/#breadcrumb"},"inLanguage":"en","potentialAction":[{"@type":"ReadAction","target":["https:\/\/golighthouse.com\/tr\/lighthouse-emea-hakkinda\/quality\/"]}]},{"@type":"BreadcrumbList","@id":"https:\/\/golighthouse.com\/tr\/lighthouse-emea-hakkinda\/quality\/#breadcrumb","itemListElement":[{"@type":"ListItem","position":1,"name":"Home","item":"https:\/\/golighthouse.com\/tr\/"},{"@type":"ListItem","position":2,"name":"Lighthouse EMEA Hakk\u0131nda","item":"https:\/\/golighthouse.com\/tr\/lighthouse-emea-hakkinda\/"},{"@type":"ListItem","position":3,"name":"Kalite Politikas\u0131"}]},{"@type":"WebSite","@id":"https:\/\/golighthouse.com\/tr\/#website","url":"https:\/\/golighthouse.com\/tr\/","name":"EMEA","description":"Just another WordPress site","publisher":{"@id":"https:\/\/golighthouse.com\/tr\/#organization"},"potentialAction":[{"@type":"SearchAction","target":{"@type":"EntryPoint","urlTemplate":"https:\/\/golighthouse.com\/tr\/?s={search_term_string}"},"query-input":{"@type":"PropertyValueSpecification","valueRequired":true,"valueName":"search_term_string"}}],"inLanguage":"en"},{"@type":"Organization","@id":"https:\/\/golighthouse.com\/tr\/#organization","name":"EMEA","url":"https:\/\/golighthouse.com\/tr\/","logo":{"@type":"ImageObject","inLanguage":"en","@id":"https:\/\/golighthouse.com\/tr\/#\/schema\/logo\/image\/","url":"https:\/\/golighthouse.com\/tr\/wp-content\/uploads\/2023\/05\/LWS-Horizontal-White.png","contentUrl":"https:\/\/golighthouse.com\/tr\/wp-content\/uploads\/2023\/05\/LWS-Horizontal-White.png","width":2495,"height":650,"caption":"EMEA"},"image":{"@id":"https:\/\/golighthouse.com\/tr\/#\/schema\/logo\/image\/"}}]}},"_links":{"self":[{"href":"https:\/\/golighthouse.com\/tr\/wp-json\/wp\/v2\/pages\/10128","targetHints":{"allow":["GET"]}}],"collection":[{"href":"https:\/\/golighthouse.com\/tr\/wp-json\/wp\/v2\/pages"}],"about":[{"href":"https:\/\/golighthouse.com\/tr\/wp-json\/wp\/v2\/types\/page"}],"author":[{"embeddable":true,"href":"https:\/\/golighthouse.com\/tr\/wp-json\/wp\/v2\/users\/1"}],"replies":[{"embeddable":true,"href":"https:\/\/golighthouse.com\/tr\/wp-json\/wp\/v2\/comments?post=10128"}],"version-history":[{"count":13,"href":"https:\/\/golighthouse.com\/tr\/wp-json\/wp\/v2\/pages\/10128\/revisions"}],"predecessor-version":[{"id":10679,"href":"https:\/\/golighthouse.com\/tr\/wp-json\/wp\/v2\/pages\/10128\/revisions\/10679"}],"up":[{"embeddable":true,"href":"https:\/\/golighthouse.com\/tr\/wp-json\/wp\/v2\/pages\/70"}],"wp:attachment":[{"href":"https:\/\/golighthouse.com\/tr\/wp-json\/wp\/v2\/media?parent=10128"}],"curies":[{"name":"wp","href":"https:\/\/api.w.org\/{rel}","templated":true}]}}