{"id":11,"date":"2023-05-17T17:13:45","date_gmt":"2023-05-17T17:13:45","guid":{"rendered":"https:\/\/golighthouse.com\/tr\/?page_id=11"},"modified":"2025-02-10T13:38:45","modified_gmt":"2025-02-10T13:38:45","slug":"lws-home","status":"publish","type":"page","link":"https:\/\/golighthouse.com\/tr\/","title":{"rendered":"LWS Home"},"content":{"rendered":"\t\t<div data-elementor-type=\"wp-page\" data-elementor-id=\"11\" class=\"elementor elementor-11\" data-elementor-post-type=\"page\">\n\t\t\t\t<div class=\"elementor-element elementor-element-a6dd14f e-con-full elementor-hidden-tablet elementor-hidden-mobile e-flex e-con e-parent\" data-id=\"a6dd14f\" data-element_type=\"container\" data-e-type=\"container\" data-settings=\"{&quot;background_background&quot;:&quot;video&quot;,&quot;background_video_link&quot;:&quot;https:\\\/\\\/golighthouse.com\\\/tr\\\/wp-content\\\/uploads\\\/2024\\\/10\\\/September-2024-Front-Page-Video.mp4&quot;,&quot;jet_parallax_layout_list&quot;:[],&quot;animation&quot;:&quot;none&quot;}\">\n\t\t<div class=\"elementor-background-video-container elementor-hidden-mobile\">\n\t\t\t\t\t\t\t<video class=\"elementor-background-video-hosted\" role=\"presentation\" autoplay muted playsinline loop><\/video>\n\t\t\t\t\t<\/div><div class=\"elementor-element elementor-element-a1d6307 e-flex e-con-boxed elementor-invisible e-con e-child\" data-id=\"a1d6307\" data-element_type=\"container\" data-e-type=\"container\" data-settings=\"{&quot;jet_parallax_layout_list&quot;:[],&quot;animation&quot;:&quot;fadeInDown&quot;}\">\n\t\t\t\t\t<div class=\"e-con-inner\">\n\t\t\t\t\t<\/div>\n\t\t\t\t<\/div>\n\t\t\t\t<\/div>\n\t\t<div class=\"elementor-element elementor-element-0a1fa46 elementor-hidden-desktop e-con-full e-flex e-con e-parent\" data-id=\"0a1fa46\" data-element_type=\"container\" data-e-type=\"container\" data-settings=\"{&quot;jet_parallax_layout_list&quot;:[],&quot;background_background&quot;:&quot;classic&quot;}\">\n\t\t<div class=\"elementor-element elementor-element-2c04baf e-con-full e-flex e-con e-child\" data-id=\"2c04baf\" data-element_type=\"container\" data-e-type=\"container\" data-settings=\"{&quot;jet_parallax_layout_list&quot;:[]}\">\n\t\t\t\t<div class=\"elementor-element elementor-element-02b4584 elementor-widget elementor-widget-image\" data-id=\"02b4584\" data-element_type=\"widget\" data-e-type=\"widget\" data-widget_type=\"image.default\">\n\t\t\t\t<div class=\"elementor-widget-container\">\n\t\t\t\t\t\t\t\t\t\t\t\t\t\t\t<img fetchpriority=\"high\" decoding=\"async\" width=\"1920\" height=\"1080\" src=\"https:\/\/golighthouse.com\/tr\/wp-content\/uploads\/2023\/05\/homepage-template1.jpg\" class=\"attachment-full size-full wp-image-26\" alt=\"\" srcset=\"https:\/\/golighthouse.com\/tr\/wp-content\/uploads\/2023\/05\/homepage-template1.jpg 1920w, https:\/\/golighthouse.com\/tr\/wp-content\/uploads\/2023\/05\/homepage-template1-300x169.jpg 300w, https:\/\/golighthouse.com\/tr\/wp-content\/uploads\/2023\/05\/homepage-template1-1024x576.jpg 1024w, https:\/\/golighthouse.com\/tr\/wp-content\/uploads\/2023\/05\/homepage-template1-768x432.jpg 768w, https:\/\/golighthouse.com\/tr\/wp-content\/uploads\/2023\/05\/homepage-template1-1536x864.jpg 1536w\" sizes=\"(max-width: 1920px) 100vw, 1920px\" \/>\t\t\t\t\t\t\t\t\t\t\t\t\t\t\t<\/div>\n\t\t\t\t<\/div>\n\t\t\t\t<\/div>\n\t\t<div class=\"elementor-element elementor-element-516d32f e-con-full e-flex e-con e-child\" data-id=\"516d32f\" data-element_type=\"container\" data-e-type=\"container\" data-settings=\"{&quot;jet_parallax_layout_list&quot;:[]}\">\n\t\t\t\t<div class=\"elementor-element elementor-element-7994a45 elementor-widget elementor-widget-heading\" data-id=\"7994a45\" data-element_type=\"widget\" data-e-type=\"widget\" data-widget_type=\"heading.default\">\n\t\t\t\t<div class=\"elementor-widget-container\">\n\t\t\t\t\t<h2 class=\"elementor-heading-title elementor-size-default\">Kontaminasyon \u0130zleme ve Koruma \u00c7\u00f6z\u00fcmleri<\/h2>\t\t\t\t<\/div>\n\t\t\t\t<\/div>\n\t\t\t\t<\/div>\n\t\t\t\t<\/div>\n\t\t<div class=\"elementor-element elementor-element-ac2603d e-flex e-con-boxed e-con e-parent\" data-id=\"ac2603d\" data-element_type=\"container\" data-e-type=\"container\" data-settings=\"{&quot;background_background&quot;:&quot;classic&quot;,&quot;jet_parallax_layout_list&quot;:[]}\">\n\t\t\t\t\t<div class=\"e-con-inner\">\n\t\t<div class=\"elementor-element elementor-element-d6dba68 e-flex e-con-boxed e-con e-child\" data-id=\"d6dba68\" data-element_type=\"container\" data-e-type=\"container\" data-settings=\"{&quot;jet_parallax_layout_list&quot;:[]}\">\n\t\t\t\t\t<div class=\"e-con-inner\">\n\t\t<div class=\"elementor-element elementor-element-b6a1419 e-flex e-con-boxed e-con e-child\" data-id=\"b6a1419\" data-element_type=\"container\" data-e-type=\"container\" data-settings=\"{&quot;jet_parallax_layout_list&quot;:[]}\">\n\t\t\t\t\t<div class=\"e-con-inner\">\n\t\t\t\t<div class=\"elementor-element elementor-element-2a08ce9 elementor-widget elementor-widget-icon-box\" data-id=\"2a08ce9\" data-element_type=\"widget\" data-e-type=\"widget\" data-widget_type=\"icon-box.default\">\n\t\t\t\t<div class=\"elementor-widget-container\">\n\t\t\t\t\t\t\t<div class=\"elementor-icon-box-wrapper\">\n\n\t\t\t\n\t\t\t\t\t\t<div class=\"elementor-icon-box-content\">\n\n\t\t\t\t\t\t\t\t\t<h3 class=\"elementor-icon-box-title\">\n\t\t\t\t\t\t<span  >\n\t\t\t\t\t\t\tVeri B\u00fct\u00fcnl\u00fc\u011f\u00fc\t\t\t\t\t\t<\/span>\n\t\t\t\t\t<\/h3>\n\t\t\t\t\n\t\t\t\t\t\t\t\t\t<p class=\"elementor-icon-box-description\">\n\t\t\t\t\t\tApexZ taraf\u0131ndan sa\u011flanan veri kay\u0131tlar\u0131 ALCOA+ kriterlerine uygundur. \t\t\t\t\t<\/p>\n\t\t\t\t\n\t\t\t<\/div>\n\t\t\t\n\t\t<\/div>\n\t\t\t\t\t\t<\/div>\n\t\t\t\t<\/div>\n\t\t\t\t<div class=\"elementor-element elementor-element-95f7cc1 elementor-widget elementor-widget-icon-box\" data-id=\"95f7cc1\" data-element_type=\"widget\" data-e-type=\"widget\" data-widget_type=\"icon-box.default\">\n\t\t\t\t<div class=\"elementor-widget-container\">\n\t\t\t\t\t\t\t<div class=\"elementor-icon-box-wrapper\">\n\n\t\t\t\n\t\t\t\t\t\t<div class=\"elementor-icon-box-content\">\n\n\t\t\t\t\t\t\t\t\t<h3 class=\"elementor-icon-box-title\">\n\t\t\t\t\t\t<span  >\n\t\t\t\t\t\t\tProsed\u00fcrlerinizle E\u015fle\u015fen \u00c7\u00f6z\u00fcmler\t\t\t\t\t\t<\/span>\n\t\t\t\t\t<\/h3>\n\t\t\t\t\n\t\t\t\t\t\t\t\t\t<p class=\"elementor-icon-box-description\">\n\t\t\t\t\t\tApexZ, SOP'lerinize uygun \u015fekilde raporlama yapman\u0131za veya yaln\u0131zca ihtiyac\u0131n\u0131z olan verileri kolayca filtreleyip raporlaman\u0131za imkan sa\u011flar.\t\t\t\t\t<\/p>\n\t\t\t\t\n\t\t\t<\/div>\n\t\t\t\n\t\t<\/div>\n\t\t\t\t\t\t<\/div>\n\t\t\t\t<\/div>\n\t\t\t\t<div class=\"elementor-element elementor-element-29fc672 elementor-widget elementor-widget-icon-box\" data-id=\"29fc672\" data-element_type=\"widget\" data-e-type=\"widget\" data-widget_type=\"icon-box.default\">\n\t\t\t\t<div class=\"elementor-widget-container\">\n\t\t\t\t\t\t\t<div class=\"elementor-icon-box-wrapper\">\n\n\t\t\t\n\t\t\t\t\t\t<div class=\"elementor-icon-box-content\">\n\n\t\t\t\t\t\t\t\t\t<h3 class=\"elementor-icon-box-title\">\n\t\t\t\t\t\t<span  >\n\t\t\t\t\t\t\tVeri Y\u00f6netimi\t\t\t\t\t\t<\/span>\n\t\t\t\t\t<\/h3>\n\t\t\t\t\n\t\t\t\t\t\t\t\t\t<p class=\"elementor-icon-box-description\">\n\t\t\t\t\t\tHem dijital hem bas\u0131l\u0131 raporlamada Apex Z en geni\u015f veri y\u00f6netimi \u00e7\u00f6z\u00fcmlerini sunar.\t\t\t\t\t<\/p>\n\t\t\t\t\n\t\t\t<\/div>\n\t\t\t\n\t\t<\/div>\n\t\t\t\t\t\t<\/div>\n\t\t\t\t<\/div>\n\t\t\t\t\t<\/div>\n\t\t\t\t<\/div>\n\t\t\t\t\t<\/div>\n\t\t\t\t<\/div>\n\t\t\t\t<div class=\"elementor-element elementor-element-e9ae82a elementor-widget elementor-widget-button\" data-id=\"e9ae82a\" data-element_type=\"widget\" data-e-type=\"widget\" data-widget_type=\"button.default\">\n\t\t\t\t<div class=\"elementor-widget-container\">\n\t\t\t\t\t\t\t\t\t<div class=\"elementor-button-wrapper\">\n\t\t\t\t\t<a class=\"elementor-button elementor-button-link elementor-size-lg\" href=\"https:\/\/golighthouse.com\/tr\/airborne-particle-counters\/apexz\/\">\n\t\t\t\t\t\t<span class=\"elementor-button-content-wrapper\">\n\t\t\t\t\t\t\t\t\t<span class=\"elementor-button-text\">Daha fazla bilgi<\/span>\n\t\t\t\t\t<\/span>\n\t\t\t\t\t<\/a>\n\t\t\t\t<\/div>\n\t\t\t\t\t\t\t\t<\/div>\n\t\t\t\t<\/div>\n\t\t\t\t\t<\/div>\n\t\t\t\t<\/div>\n\t\t<div class=\"elementor-element elementor-element-669f83a e-con-full e-flex e-con e-parent\" data-id=\"669f83a\" data-element_type=\"container\" data-e-type=\"container\" data-settings=\"{&quot;jet_parallax_layout_list&quot;:[]}\">\n\t\t\t\t<div class=\"elementor-element elementor-element-b221dd1 elementor-cta--valign-bottom elementor-widget__width-initial elementor-cta--skin-classic elementor-animated-content elementor-bg-transform elementor-bg-transform-zoom-in elementor-widget elementor-widget-call-to-action\" data-id=\"b221dd1\" data-element_type=\"widget\" data-e-type=\"widget\" data-widget_type=\"call-to-action.default\">\n\t\t\t\t<div class=\"elementor-widget-container\">\n\t\t\t\t\t\t\t<a class=\"elementor-cta\" href=\"https:\/\/golighthouse.com\/tr\/environmental-monitoring\/airborne-particle-counters\/\">\n\t\t\t\t\t<div class=\"elementor-cta__bg-wrapper\">\n\t\t\t\t<div class=\"elementor-cta__bg elementor-bg\" style=\"background-image: url(https:\/\/golighthouse.com\/tr\/wp-content\/uploads\/2023\/05\/airborne_particle_counter-scaled-1-1024x768.jpg);\" role=\"img\" aria-label=\"airborne_particle_counter-scaled-1.jpg\"><\/div>\n\t\t\t\t<div class=\"elementor-cta__bg-overlay\"><\/div>\n\t\t\t<\/div>\n\t\t\t\t\t\t\t<div class=\"elementor-cta__content\">\n\t\t\t\t\n\t\t\t\t\t\t\t\t\t<h2 class=\"elementor-cta__title elementor-cta__content-item elementor-content-item\">\n\t\t\t\t\t\tPartik\u00fcl \u0130zleme Sistemleri\t\t\t\t\t<\/h2>\n\t\t\t\t\n\t\t\t\t\t\t\t\t\t<div class=\"elementor-cta__description elementor-cta__content-item elementor-content-item\">\n\t\t\t\t\t\tKritik Temizoda Ortam\u0131n\u0131n Korunmas\u0131\t\t\t\t\t<\/div>\n\t\t\t\t\n\t\t\t\t\t\t\t\t\t<div class=\"elementor-cta__button-wrapper elementor-cta__content-item elementor-content-item \">\n\t\t\t\t\t<span class=\"elementor-cta__button elementor-button elementor-size-\">\n\t\t\t\t\t\tDaha Fazla Bilgi\t\t\t\t\t<\/span>\n\t\t\t\t\t<\/div>\n\t\t\t\t\t\t\t<\/div>\n\t\t\t\t\t\t<\/a>\n\t\t\t\t\t\t<\/div>\n\t\t\t\t<\/div>\n\t\t\t\t<div class=\"elementor-element elementor-element-598a1a1 elementor-cta--valign-bottom elementor-widget__width-initial elementor-cta--skin-classic elementor-animated-content elementor-bg-transform elementor-bg-transform-zoom-in elementor-widget elementor-widget-call-to-action\" data-id=\"598a1a1\" data-element_type=\"widget\" data-e-type=\"widget\" data-widget_type=\"call-to-action.default\">\n\t\t\t\t<div class=\"elementor-widget-container\">\n\t\t\t\t\t\t\t<a class=\"elementor-cta\" href=\"https:\/\/golighthouse.com\/tr\/environmental-monitoring\/liquid-particle-counters\/\">\n\t\t\t\t\t<div class=\"elementor-cta__bg-wrapper\">\n\t\t\t\t<div class=\"elementor-cta__bg elementor-bg\" style=\"background-image: url(https:\/\/golighthouse.com\/tr\/wp-content\/uploads\/2023\/05\/Batch-samplers-1024x682.jpg);\" role=\"img\" aria-label=\"Batch-samplers.jpg\"><\/div>\n\t\t\t\t<div class=\"elementor-cta__bg-overlay\"><\/div>\n\t\t\t<\/div>\n\t\t\t\t\t\t\t<div class=\"elementor-cta__content\">\n\t\t\t\t\n\t\t\t\t\t\t\t\t\t<h2 class=\"elementor-cta__title elementor-cta__content-item elementor-content-item\">\n\t\t\t\t\t\tLikit Partik\u00fcl \u0130zleme Sistemleri\t\t\t\t\t<\/h2>\n\t\t\t\t\n\t\t\t\t\t\t\t\t\t<div class=\"elementor-cta__description elementor-cta__content-item elementor-content-item\">\n\t\t\t\t\t\tKalite ve G\u00fcvenli\u011fin Sa\u011flanmas\u0131\t\t\t\t\t<\/div>\n\t\t\t\t\n\t\t\t\t\t\t\t\t\t<div class=\"elementor-cta__button-wrapper elementor-cta__content-item elementor-content-item \">\n\t\t\t\t\t<span class=\"elementor-cta__button elementor-button elementor-size-\">\n\t\t\t\t\t\tDaha Fazla Bilgi\t\t\t\t\t<\/span>\n\t\t\t\t\t<\/div>\n\t\t\t\t\t\t\t<\/div>\n\t\t\t\t\t\t<\/a>\n\t\t\t\t\t\t<\/div>\n\t\t\t\t<\/div>\n\t\t\t\t<div class=\"elementor-element elementor-element-e564e66 elementor-cta--valign-bottom elementor-widget__width-initial elementor-cta--skin-classic elementor-animated-content elementor-bg-transform elementor-bg-transform-zoom-in elementor-widget elementor-widget-call-to-action\" data-id=\"e564e66\" data-element_type=\"widget\" data-e-type=\"widget\" data-widget_type=\"call-to-action.default\">\n\t\t\t\t<div class=\"elementor-widget-container\">\n\t\t\t\t\t\t\t<a class=\"elementor-cta\" href=\"https:\/\/golighthouse.com\/tr\/applications\/\">\n\t\t\t\t\t<div class=\"elementor-cta__bg-wrapper\">\n\t\t\t\t<div class=\"elementor-cta__bg elementor-bg\" style=\"background-image: url(https:\/\/golighthouse.com\/tr\/wp-content\/uploads\/2023\/06\/pharma-tile-1024x683.jpg);\" role=\"img\" aria-label=\"pharma-tile.jpg\"><\/div>\n\t\t\t\t<div class=\"elementor-cta__bg-overlay\"><\/div>\n\t\t\t<\/div>\n\t\t\t\t\t\t\t<div class=\"elementor-cta__content\">\n\t\t\t\t\n\t\t\t\t\t\t\t\t\t<h2 class=\"elementor-cta__title elementor-cta__content-item elementor-content-item\">\n\t\t\t\t\t\tOrtam \u0130zleme Uygulamalar\u0131\t\t\t\t\t<\/h2>\n\t\t\t\t\n\t\t\t\t\t\t\t\t\t<div class=\"elementor-cta__description elementor-cta__content-item elementor-content-item\">\n\t\t\t\t\t\tila\u00e7, biyoteknoloji, mikroelektronik ve havac\u0131l\u0131k\t\t\t\t\t<\/div>\n\t\t\t\t\n\t\t\t\t\t\t\t\t\t<div class=\"elementor-cta__button-wrapper elementor-cta__content-item elementor-content-item \">\n\t\t\t\t\t<span class=\"elementor-cta__button elementor-button elementor-size-\">\n\t\t\t\t\t\tDaha Fazla Bilgi\t\t\t\t\t<\/span>\n\t\t\t\t\t<\/div>\n\t\t\t\t\t\t\t<\/div>\n\t\t\t\t\t\t<\/a>\n\t\t\t\t\t\t<\/div>\n\t\t\t\t<\/div>\n\t\t\t\t<\/div>\n\t\t<div class=\"elementor-element elementor-element-06a969d e-con-full e-flex e-con e-parent\" data-id=\"06a969d\" data-element_type=\"container\" data-e-type=\"container\" data-settings=\"{&quot;background_background&quot;:&quot;classic&quot;,&quot;jet_parallax_layout_list&quot;:[]}\">\n\t\t\t\t<div class=\"elementor-element elementor-element-e797be5 elementor-widget elementor-widget-heading\" data-id=\"e797be5\" data-element_type=\"widget\" data-e-type=\"widget\" data-widget_type=\"heading.default\">\n\t\t\t\t<div class=\"elementor-widget-container\">\n\t\t\t\t\t<h2 class=\"elementor-heading-title elementor-size-default\">Bilgi Bankas\u0131<\/h2>\t\t\t\t<\/div>\n\t\t\t\t<\/div>\n\t\t\t\t<div class=\"elementor-element elementor-element-de4f6a7 elementor-widget elementor-widget-text-editor\" data-id=\"de4f6a7\" data-element_type=\"widget\" data-e-type=\"widget\" data-widget_type=\"text-editor.default\">\n\t\t\t\t<div class=\"elementor-widget-container\">\n\t\t\t\t\t\t\t\t\t<p>Teknik yaz\u0131lar, webinarlar ve daha fazlas\u0131 i\u00e7in!<\/p>\t\t\t\t\t\t\t\t<\/div>\n\t\t\t\t<\/div>\n\t\t\t\t<div class=\"elementor-element elementor-element-3fb0c40 elementor-widget elementor-widget-button\" data-id=\"3fb0c40\" data-element_type=\"widget\" data-e-type=\"widget\" data-widget_type=\"button.default\">\n\t\t\t\t<div class=\"elementor-widget-container\">\n\t\t\t\t\t\t\t\t\t<div class=\"elementor-button-wrapper\">\n\t\t\t\t\t<a class=\"elementor-button elementor-button-link elementor-size-lg\" href=\"https:\/\/www.golighthouse.com\/en\/knowledge-center-login\/\" target=\"_blank\">\n\t\t\t\t\t\t<span class=\"elementor-button-content-wrapper\">\n\t\t\t\t\t\t\t\t\t<span class=\"elementor-button-text\">\u00dccretsiz hesab\u0131n\u0131z\u0131 bug\u00fcn olu\u015fturun! <i class=\"fas fa-external-link-alt\"><\/i><\/span>\n\t\t\t\t\t<\/span>\n\t\t\t\t\t<\/a>\n\t\t\t\t<\/div>\n\t\t\t\t\t\t\t\t<\/div>\n\t\t\t\t<\/div>\n\t\t\t\t<\/div>\n\t\t\t\t<\/div>\n\t\t","protected":false},"excerpt":{"rendered":"<p>Kontaminasyon \u0130zleme ve Koruma \u00c7\u00f6z\u00fcmleri Veri B\u00fct\u00fcnl\u00fc\u011f\u00fc ApexZ taraf\u0131ndan sa\u011flanan veri kay\u0131tlar\u0131 ALCOA+ kriterlerine uygundur. Prosed\u00fcrlerinizle E\u015fle\u015fen \u00c7\u00f6z\u00fcmler ApexZ, SOP&#8217;lerinize uygun \u015fekilde raporlama yapman\u0131za veya yaln\u0131zca ihtiyac\u0131n\u0131z olan verileri kolayca filtreleyip raporlaman\u0131za imkan sa\u011flar. Veri Y\u00f6netimi Hem dijital hem bas\u0131l\u0131 raporlamada Apex Z en geni\u015f veri y\u00f6netimi \u00e7\u00f6z\u00fcmlerini sunar. Daha fazla bilgi Partik\u00fcl \u0130zleme Sistemleri [&hellip;]<\/p>\n","protected":false},"author":1,"featured_media":0,"parent":0,"menu_order":0,"comment_status":"closed","ping_status":"closed","template":"elementor_header_footer","meta":{"footnotes":""},"class_list":["post-11","page","type-page","status-publish","hentry"],"yoast_head":"<!-- This site is optimized with the Yoast SEO plugin v27.3 - https:\/\/yoast.com\/product\/yoast-seo-wordpress\/ -->\n<title>LWS Home - EMEA<\/title>\n<meta name=\"robots\" content=\"index, follow, max-snippet:-1, max-image-preview:large, max-video-preview:-1\" \/>\n<link rel=\"canonical\" href=\"https:\/\/golighthouse.com\/tr\/\" \/>\n<meta property=\"og:locale\" content=\"en_US\" \/>\n<meta property=\"og:type\" content=\"article\" \/>\n<meta property=\"og:title\" content=\"LWS Home - EMEA\" \/>\n<meta property=\"og:description\" content=\"Kontaminasyon \u0130zleme ve Koruma \u00c7\u00f6z\u00fcmleri Veri B\u00fct\u00fcnl\u00fc\u011f\u00fc ApexZ taraf\u0131ndan sa\u011flanan veri kay\u0131tlar\u0131 ALCOA+ kriterlerine uygundur. Prosed\u00fcrlerinizle E\u015fle\u015fen \u00c7\u00f6z\u00fcmler ApexZ, SOP&#8217;lerinize uygun \u015fekilde raporlama yapman\u0131za veya yaln\u0131zca ihtiyac\u0131n\u0131z olan verileri kolayca filtreleyip raporlaman\u0131za imkan sa\u011flar. Veri Y\u00f6netimi Hem dijital hem bas\u0131l\u0131 raporlamada Apex Z en geni\u015f veri y\u00f6netimi \u00e7\u00f6z\u00fcmlerini sunar. Daha fazla bilgi Partik\u00fcl \u0130zleme Sistemleri [&hellip;]\" \/>\n<meta property=\"og:url\" content=\"https:\/\/golighthouse.com\/tr\/\" \/>\n<meta property=\"og:site_name\" content=\"EMEA\" \/>\n<meta property=\"article:modified_time\" content=\"2025-02-10T13:38:45+00:00\" \/>\n<meta property=\"og:image\" content=\"https:\/\/golighthouse.com\/tr\/wp-content\/uploads\/2023\/05\/homepage-template1.jpg\" \/>\n\t<meta property=\"og:image:width\" content=\"1920\" \/>\n\t<meta property=\"og:image:height\" content=\"1080\" \/>\n\t<meta property=\"og:image:type\" content=\"image\/jpeg\" \/>\n<meta name=\"twitter:card\" content=\"summary_large_image\" \/>\n<meta name=\"twitter:label1\" content=\"Est. reading time\" \/>\n\t<meta name=\"twitter:data1\" content=\"1 minute\" \/>\n<script type=\"application\/ld+json\" class=\"yoast-schema-graph\">{\"@context\":\"https:\\\/\\\/schema.org\",\"@graph\":[{\"@type\":\"WebPage\",\"@id\":\"https:\\\/\\\/golighthouse.com\\\/tr\\\/\",\"url\":\"https:\\\/\\\/golighthouse.com\\\/tr\\\/\",\"name\":\"LWS Home - EMEA\",\"isPartOf\":{\"@id\":\"https:\\\/\\\/golighthouse.com\\\/tr\\\/#website\"},\"primaryImageOfPage\":{\"@id\":\"https:\\\/\\\/golighthouse.com\\\/tr\\\/#primaryimage\"},\"image\":{\"@id\":\"https:\\\/\\\/golighthouse.com\\\/tr\\\/#primaryimage\"},\"thumbnailUrl\":\"https:\\\/\\\/golighthouse.com\\\/tr\\\/wp-content\\\/uploads\\\/2023\\\/05\\\/homepage-template1.jpg\",\"datePublished\":\"2023-05-17T17:13:45+00:00\",\"dateModified\":\"2025-02-10T13:38:45+00:00\",\"breadcrumb\":{\"@id\":\"https:\\\/\\\/golighthouse.com\\\/tr\\\/#breadcrumb\"},\"inLanguage\":\"en\",\"potentialAction\":[{\"@type\":\"ReadAction\",\"target\":[\"https:\\\/\\\/golighthouse.com\\\/tr\\\/\"]}]},{\"@type\":\"ImageObject\",\"inLanguage\":\"en\",\"@id\":\"https:\\\/\\\/golighthouse.com\\\/tr\\\/#primaryimage\",\"url\":\"https:\\\/\\\/golighthouse.com\\\/tr\\\/wp-content\\\/uploads\\\/2023\\\/05\\\/homepage-template1.jpg\",\"contentUrl\":\"https:\\\/\\\/golighthouse.com\\\/tr\\\/wp-content\\\/uploads\\\/2023\\\/05\\\/homepage-template1.jpg\",\"width\":1920,\"height\":1080},{\"@type\":\"BreadcrumbList\",\"@id\":\"https:\\\/\\\/golighthouse.com\\\/tr\\\/#breadcrumb\",\"itemListElement\":[{\"@type\":\"ListItem\",\"position\":1,\"name\":\"Home\",\"item\":\"https:\\\/\\\/golighthouse.com\\\/tr\\\/\"},{\"@type\":\"ListItem\",\"position\":2,\"name\":\"LWS Home\"}]},{\"@type\":\"WebSite\",\"@id\":\"https:\\\/\\\/golighthouse.com\\\/tr\\\/#website\",\"url\":\"https:\\\/\\\/golighthouse.com\\\/tr\\\/\",\"name\":\"EMEA\",\"description\":\"Just another WordPress site\",\"publisher\":{\"@id\":\"https:\\\/\\\/golighthouse.com\\\/tr\\\/#organization\"},\"potentialAction\":[{\"@type\":\"SearchAction\",\"target\":{\"@type\":\"EntryPoint\",\"urlTemplate\":\"https:\\\/\\\/golighthouse.com\\\/tr\\\/?s={search_term_string}\"},\"query-input\":{\"@type\":\"PropertyValueSpecification\",\"valueRequired\":true,\"valueName\":\"search_term_string\"}}],\"inLanguage\":\"en\"},{\"@type\":\"Organization\",\"@id\":\"https:\\\/\\\/golighthouse.com\\\/tr\\\/#organization\",\"name\":\"EMEA\",\"url\":\"https:\\\/\\\/golighthouse.com\\\/tr\\\/\",\"logo\":{\"@type\":\"ImageObject\",\"inLanguage\":\"en\",\"@id\":\"https:\\\/\\\/golighthouse.com\\\/tr\\\/#\\\/schema\\\/logo\\\/image\\\/\",\"url\":\"https:\\\/\\\/golighthouse.com\\\/tr\\\/wp-content\\\/uploads\\\/2023\\\/05\\\/LWS-Horizontal-White.png\",\"contentUrl\":\"https:\\\/\\\/golighthouse.com\\\/tr\\\/wp-content\\\/uploads\\\/2023\\\/05\\\/LWS-Horizontal-White.png\",\"width\":2495,\"height\":650,\"caption\":\"EMEA\"},\"image\":{\"@id\":\"https:\\\/\\\/golighthouse.com\\\/tr\\\/#\\\/schema\\\/logo\\\/image\\\/\"}}]}<\/script>\n<!-- \/ Yoast SEO plugin. -->","yoast_head_json":{"title":"LWS Home - EMEA","robots":{"index":"index","follow":"follow","max-snippet":"max-snippet:-1","max-image-preview":"max-image-preview:large","max-video-preview":"max-video-preview:-1"},"canonical":"https:\/\/golighthouse.com\/tr\/","og_locale":"en_US","og_type":"article","og_title":"LWS Home - EMEA","og_description":"Kontaminasyon \u0130zleme ve Koruma \u00c7\u00f6z\u00fcmleri Veri B\u00fct\u00fcnl\u00fc\u011f\u00fc ApexZ taraf\u0131ndan sa\u011flanan veri kay\u0131tlar\u0131 ALCOA+ kriterlerine uygundur. Prosed\u00fcrlerinizle E\u015fle\u015fen \u00c7\u00f6z\u00fcmler ApexZ, SOP&#8217;lerinize uygun \u015fekilde raporlama yapman\u0131za veya yaln\u0131zca ihtiyac\u0131n\u0131z olan verileri kolayca filtreleyip raporlaman\u0131za imkan sa\u011flar. Veri Y\u00f6netimi Hem dijital hem bas\u0131l\u0131 raporlamada Apex Z en geni\u015f veri y\u00f6netimi \u00e7\u00f6z\u00fcmlerini sunar. Daha fazla bilgi Partik\u00fcl \u0130zleme Sistemleri [&hellip;]","og_url":"https:\/\/golighthouse.com\/tr\/","og_site_name":"EMEA","article_modified_time":"2025-02-10T13:38:45+00:00","og_image":[{"width":1920,"height":1080,"url":"https:\/\/golighthouse.com\/tr\/wp-content\/uploads\/2023\/05\/homepage-template1.jpg","type":"image\/jpeg"}],"twitter_card":"summary_large_image","twitter_misc":{"Est. reading time":"1 minute"},"schema":{"@context":"https:\/\/schema.org","@graph":[{"@type":"WebPage","@id":"https:\/\/golighthouse.com\/tr\/","url":"https:\/\/golighthouse.com\/tr\/","name":"LWS Home - EMEA","isPartOf":{"@id":"https:\/\/golighthouse.com\/tr\/#website"},"primaryImageOfPage":{"@id":"https:\/\/golighthouse.com\/tr\/#primaryimage"},"image":{"@id":"https:\/\/golighthouse.com\/tr\/#primaryimage"},"thumbnailUrl":"https:\/\/golighthouse.com\/tr\/wp-content\/uploads\/2023\/05\/homepage-template1.jpg","datePublished":"2023-05-17T17:13:45+00:00","dateModified":"2025-02-10T13:38:45+00:00","breadcrumb":{"@id":"https:\/\/golighthouse.com\/tr\/#breadcrumb"},"inLanguage":"en","potentialAction":[{"@type":"ReadAction","target":["https:\/\/golighthouse.com\/tr\/"]}]},{"@type":"ImageObject","inLanguage":"en","@id":"https:\/\/golighthouse.com\/tr\/#primaryimage","url":"https:\/\/golighthouse.com\/tr\/wp-content\/uploads\/2023\/05\/homepage-template1.jpg","contentUrl":"https:\/\/golighthouse.com\/tr\/wp-content\/uploads\/2023\/05\/homepage-template1.jpg","width":1920,"height":1080},{"@type":"BreadcrumbList","@id":"https:\/\/golighthouse.com\/tr\/#breadcrumb","itemListElement":[{"@type":"ListItem","position":1,"name":"Home","item":"https:\/\/golighthouse.com\/tr\/"},{"@type":"ListItem","position":2,"name":"LWS Home"}]},{"@type":"WebSite","@id":"https:\/\/golighthouse.com\/tr\/#website","url":"https:\/\/golighthouse.com\/tr\/","name":"EMEA","description":"Just another WordPress site","publisher":{"@id":"https:\/\/golighthouse.com\/tr\/#organization"},"potentialAction":[{"@type":"SearchAction","target":{"@type":"EntryPoint","urlTemplate":"https:\/\/golighthouse.com\/tr\/?s={search_term_string}"},"query-input":{"@type":"PropertyValueSpecification","valueRequired":true,"valueName":"search_term_string"}}],"inLanguage":"en"},{"@type":"Organization","@id":"https:\/\/golighthouse.com\/tr\/#organization","name":"EMEA","url":"https:\/\/golighthouse.com\/tr\/","logo":{"@type":"ImageObject","inLanguage":"en","@id":"https:\/\/golighthouse.com\/tr\/#\/schema\/logo\/image\/","url":"https:\/\/golighthouse.com\/tr\/wp-content\/uploads\/2023\/05\/LWS-Horizontal-White.png","contentUrl":"https:\/\/golighthouse.com\/tr\/wp-content\/uploads\/2023\/05\/LWS-Horizontal-White.png","width":2495,"height":650,"caption":"EMEA"},"image":{"@id":"https:\/\/golighthouse.com\/tr\/#\/schema\/logo\/image\/"}}]}},"_links":{"self":[{"href":"https:\/\/golighthouse.com\/tr\/wp-json\/wp\/v2\/pages\/11","targetHints":{"allow":["GET"]}}],"collection":[{"href":"https:\/\/golighthouse.com\/tr\/wp-json\/wp\/v2\/pages"}],"about":[{"href":"https:\/\/golighthouse.com\/tr\/wp-json\/wp\/v2\/types\/page"}],"author":[{"embeddable":true,"href":"https:\/\/golighthouse.com\/tr\/wp-json\/wp\/v2\/users\/1"}],"replies":[{"embeddable":true,"href":"https:\/\/golighthouse.com\/tr\/wp-json\/wp\/v2\/comments?post=11"}],"version-history":[{"count":78,"href":"https:\/\/golighthouse.com\/tr\/wp-json\/wp\/v2\/pages\/11\/revisions"}],"predecessor-version":[{"id":10393,"href":"https:\/\/golighthouse.com\/tr\/wp-json\/wp\/v2\/pages\/11\/revisions\/10393"}],"wp:attachment":[{"href":"https:\/\/golighthouse.com\/tr\/wp-json\/wp\/v2\/media?parent=11"}],"curies":[{"name":"wp","href":"https:\/\/api.w.org\/{rel}","templated":true}]}}