{"id":24,"date":"2023-05-17T17:31:39","date_gmt":"2023-05-17T17:31:39","guid":{"rendered":"https:\/\/golighthouse.com\/tr\/?page_id=24"},"modified":"2025-03-07T11:48:00","modified_gmt":"2025-03-07T11:48:00","slug":"cevresel-izleme","status":"publish","type":"page","link":"https:\/\/golighthouse.com\/tr\/cevresel-izleme\/","title":{"rendered":"\u00c7evresel \u0130zleme"},"content":{"rendered":"<p>\u00c7evresel \u0130zleme Sisteminiz ( EMS ) kontaminasyona kar\u015f\u0131 ilk savunma hatt\u0131n\u0131zd\u0131r &#8211; ve buna en fazla g\u00fcven duymal\u0131s\u0131n\u0131z. Burada LWS&#8217;de 40 y\u0131l\u0131 a\u015fk\u0131n uzmanl\u0131kla temiz hava teknolojisinde yol a\u00e7\u0131yoruz. Temiz hava teknolojimizi ihtiya\u00e7lar\u0131n\u0131z do\u011frultusunda tasarl\u0131yoruz, ihtiyac\u0131n\u0131z oldu\u011funu bilmeden neye ihtiyac\u0131n\u0131z oldu\u011funu tahmin ediyoruz. Amac\u0131m\u0131z hayat\u0131n\u0131z\u0131 kolayla\u015ft\u0131rmak ve temiz odan\u0131z\u0131 daha g\u00fcvenli hale getirmektir.<\/p>\n<h2>Partik\u00fcl Say\u0131m Cihazlar\u0131<\/h2>\n<p>LWS partik\u00fcl say\u0131m cihazlar\u0131, do\u011fruluk, ergonomi ve kendi kendine te\u015fhis konular\u0131nda standartlar\u0131 belirler.<br \/>\n\u00dcr\u00fcnleri G\u00f6r\u00fcnt\u00fcle<\/p>\n<h2>Likit Partik\u00fcl Say\u0131m Cihazlar\u0131<\/h2>\n<p>LWS Likit Partik\u00fcl Say\u0131m Cihazlar\u0131, gama ba\u011f\u0131\u015f\u0131kl\u0131\u011f\u0131 ve hassasiyetin bulu\u015ftu\u011fu noktad\u0131r. Dahili USP 788 uyumlulu\u011fu ve \u00f6zelle\u015ftirilebilir raporlarla, likit partik\u00fcl say\u0131m cihazlar\u0131m\u0131z i\u015finizi kolayla\u015ft\u0131rmak i\u00e7in tasarlanm\u0131\u015ft\u0131r.<br \/>\n\u00dcr\u00fcnleri G\u00f6r\u00fcnt\u00fcle<\/p>\n<h2>Mikrobiyolojik \u00d6rnekleme Cihazlar\u0131<\/h2>\n<p>LWS, g\u00fc\u00e7l\u00fc uzaktan izleme sa\u011flayan mikrobiyolojik \u00f6rnekleme cihazlar\u0131 (veya aktif hava \u00f6rnekleyicileri) sunar ve bunlar\u0131 ger\u00e7ek zamanl\u0131 \u00e7evresel izleme program\u0131n\u0131za kolayca entegre edebilirsiniz.<br \/>\n\u00dcr\u00fcnleri G\u00f6r\u00fcnt\u00fcle<\/p>\n<h2>\u00c7evresel Sens\u00f6rler<\/h2>\n<p>Temizodalar ve benzeri ortamlar konusundaki y\u0131llara dayanan deneyimimiz ile \u00e7evresel sens\u00f6rlerimizi geli\u015ftirdik. Sizin ihtiya\u00e7lar\u0131n\u0131z\u0131 sizden \u00f6nce bilmeleri i\u00e7in tasarland\u0131lar.<br \/>\n\u00dcr\u00fcnleri G\u00f6r\u00fcnt\u00fcle<\/p>\n<h2>Ger\u00e7ek Zamanl\u0131 \u00c7evresel \u0130zleme Sistemleri<\/h2>\n<p>Kapsaml\u0131 ger\u00e7ek zamanl\u0131 izleme sistemlerimiz ve sezgisel LMS Express yaz\u0131l\u0131m\u0131m\u0131z, temiz odan\u0131z\u0131n b\u00fct\u00fcnl\u00fc\u011f\u00fc konusunda en y\u00fcksek g\u00fcveni sa\u011flar.<br \/>\n\u00dcr\u00fcnleri G\u00f6r\u00fcnt\u00fcle<\/p>\n","protected":false},"excerpt":{"rendered":"<p>\u00c7evresel \u0130zleme Sisteminiz ( EMS ) kontaminasyona kar\u015f\u0131 ilk savunma hatt\u0131n\u0131zd\u0131r &#8211; ve buna en fazla g\u00fcven duymal\u0131s\u0131n\u0131z. Burada LWS&#8217;de 40 y\u0131l\u0131 a\u015fk\u0131n uzmanl\u0131kla temiz hava teknolojisinde yol a\u00e7\u0131yoruz. Temiz hava teknolojimizi ihtiya\u00e7lar\u0131n\u0131z do\u011frultusunda tasarl\u0131yoruz, ihtiyac\u0131n\u0131z oldu\u011funu bilmeden neye ihtiyac\u0131n\u0131z oldu\u011funu tahmin ediyoruz. Amac\u0131m\u0131z hayat\u0131n\u0131z\u0131 kolayla\u015ft\u0131rmak ve temiz odan\u0131z\u0131 daha g\u00fcvenli hale getirmektir. Partik\u00fcl Say\u0131m [&hellip;]<\/p>\n","protected":false},"author":1,"featured_media":0,"parent":0,"menu_order":0,"comment_status":"closed","ping_status":"closed","template":"","meta":{"footnotes":""},"class_list":["post-24","page","type-page","status-publish","hentry"],"yoast_head":"<!-- This site is optimized with the Yoast SEO plugin v27.4 - https:\/\/yoast.com\/product\/yoast-seo-wordpress\/ -->\n<title>\u00c7evresel \u0130zleme - Lighthouse Worldwide Solutions<\/title>\n<meta name=\"description\" content=\"Temizodalar ve end\u00fcstriyel alanlar i\u00e7in partik\u00fcl say\u0131m cihazlar\u0131, mikrobiyolojik \u00f6rnekleme cihazlar\u0131, \u00e7evresel sens\u00f6rler ve ger\u00e7ek zamanl\u0131 izleme sistemleri sunuyoruz. Hassas \u00f6l\u00e7\u00fcm ve GMP uyumlulu\u011fu ile kaliteyi garanti alt\u0131na al\u0131n!\" \/>\n<meta name=\"robots\" content=\"index, follow, max-snippet:-1, max-image-preview:large, max-video-preview:-1\" \/>\n<link rel=\"canonical\" href=\"https:\/\/golighthouse.com\/tr\/cevresel-izleme\/\" \/>\n<meta property=\"og:locale\" content=\"en_US\" \/>\n<meta property=\"og:type\" content=\"article\" \/>\n<meta property=\"og:title\" content=\"\u00c7evresel \u0130zleme - Lighthouse Worldwide Solutions\" \/>\n<meta property=\"og:description\" content=\"Temizodalar ve end\u00fcstriyel alanlar i\u00e7in partik\u00fcl say\u0131m cihazlar\u0131, mikrobiyolojik \u00f6rnekleme cihazlar\u0131, \u00e7evresel sens\u00f6rler ve ger\u00e7ek zamanl\u0131 izleme sistemleri sunuyoruz. Hassas \u00f6l\u00e7\u00fcm ve GMP uyumlulu\u011fu ile kaliteyi garanti alt\u0131na al\u0131n!\" \/>\n<meta property=\"og:url\" content=\"https:\/\/golighthouse.com\/tr\/cevresel-izleme\/\" \/>\n<meta property=\"og:site_name\" content=\"EMEA\" \/>\n<meta property=\"article:modified_time\" content=\"2025-03-07T11:48:00+00:00\" \/>\n<meta name=\"twitter:card\" content=\"summary_large_image\" \/>\n<meta name=\"twitter:label1\" content=\"Est. reading time\" \/>\n\t<meta name=\"twitter:data1\" content=\"1 minute\" \/>\n<script type=\"application\/ld+json\" class=\"yoast-schema-graph\">{\"@context\":\"https:\\\/\\\/schema.org\",\"@graph\":[{\"@type\":\"WebPage\",\"@id\":\"https:\\\/\\\/golighthouse.com\\\/tr\\\/cevresel-izleme\\\/\",\"url\":\"https:\\\/\\\/golighthouse.com\\\/tr\\\/cevresel-izleme\\\/\",\"name\":\"\u00c7evresel \u0130zleme - Lighthouse Worldwide Solutions\",\"isPartOf\":{\"@id\":\"https:\\\/\\\/golighthouse.com\\\/tr\\\/#website\"},\"datePublished\":\"2023-05-17T17:31:39+00:00\",\"dateModified\":\"2025-03-07T11:48:00+00:00\",\"description\":\"Temizodalar ve end\u00fcstriyel alanlar i\u00e7in partik\u00fcl say\u0131m cihazlar\u0131, mikrobiyolojik \u00f6rnekleme cihazlar\u0131, \u00e7evresel sens\u00f6rler ve ger\u00e7ek zamanl\u0131 izleme sistemleri sunuyoruz. Hassas \u00f6l\u00e7\u00fcm ve GMP uyumlulu\u011fu ile kaliteyi garanti alt\u0131na al\u0131n!\",\"breadcrumb\":{\"@id\":\"https:\\\/\\\/golighthouse.com\\\/tr\\\/cevresel-izleme\\\/#breadcrumb\"},\"inLanguage\":\"en\",\"potentialAction\":[{\"@type\":\"ReadAction\",\"target\":[\"https:\\\/\\\/golighthouse.com\\\/tr\\\/cevresel-izleme\\\/\"]}]},{\"@type\":\"BreadcrumbList\",\"@id\":\"https:\\\/\\\/golighthouse.com\\\/tr\\\/cevresel-izleme\\\/#breadcrumb\",\"itemListElement\":[{\"@type\":\"ListItem\",\"position\":1,\"name\":\"Home\",\"item\":\"https:\\\/\\\/golighthouse.com\\\/tr\\\/\"},{\"@type\":\"ListItem\",\"position\":2,\"name\":\"\u00c7evresel \u0130zleme\"}]},{\"@type\":\"WebSite\",\"@id\":\"https:\\\/\\\/golighthouse.com\\\/tr\\\/#website\",\"url\":\"https:\\\/\\\/golighthouse.com\\\/tr\\\/\",\"name\":\"EMEA\",\"description\":\"Just another WordPress site\",\"publisher\":{\"@id\":\"https:\\\/\\\/golighthouse.com\\\/tr\\\/#organization\"},\"potentialAction\":[{\"@type\":\"SearchAction\",\"target\":{\"@type\":\"EntryPoint\",\"urlTemplate\":\"https:\\\/\\\/golighthouse.com\\\/tr\\\/?s={search_term_string}\"},\"query-input\":{\"@type\":\"PropertyValueSpecification\",\"valueRequired\":true,\"valueName\":\"search_term_string\"}}],\"inLanguage\":\"en\"},{\"@type\":\"Organization\",\"@id\":\"https:\\\/\\\/golighthouse.com\\\/tr\\\/#organization\",\"name\":\"EMEA\",\"url\":\"https:\\\/\\\/golighthouse.com\\\/tr\\\/\",\"logo\":{\"@type\":\"ImageObject\",\"inLanguage\":\"en\",\"@id\":\"https:\\\/\\\/golighthouse.com\\\/tr\\\/#\\\/schema\\\/logo\\\/image\\\/\",\"url\":\"https:\\\/\\\/golighthouse.com\\\/tr\\\/wp-content\\\/uploads\\\/2023\\\/05\\\/LWS-Horizontal-White.png\",\"contentUrl\":\"https:\\\/\\\/golighthouse.com\\\/tr\\\/wp-content\\\/uploads\\\/2023\\\/05\\\/LWS-Horizontal-White.png\",\"width\":2495,\"height\":650,\"caption\":\"EMEA\"},\"image\":{\"@id\":\"https:\\\/\\\/golighthouse.com\\\/tr\\\/#\\\/schema\\\/logo\\\/image\\\/\"}}]}<\/script>\n<!-- \/ Yoast SEO plugin. -->","yoast_head_json":{"title":"\u00c7evresel \u0130zleme - Lighthouse Worldwide Solutions","description":"Temizodalar ve end\u00fcstriyel alanlar i\u00e7in partik\u00fcl say\u0131m cihazlar\u0131, mikrobiyolojik \u00f6rnekleme cihazlar\u0131, \u00e7evresel sens\u00f6rler ve ger\u00e7ek zamanl\u0131 izleme sistemleri sunuyoruz. Hassas \u00f6l\u00e7\u00fcm ve GMP uyumlulu\u011fu ile kaliteyi garanti alt\u0131na al\u0131n!","robots":{"index":"index","follow":"follow","max-snippet":"max-snippet:-1","max-image-preview":"max-image-preview:large","max-video-preview":"max-video-preview:-1"},"canonical":"https:\/\/golighthouse.com\/tr\/cevresel-izleme\/","og_locale":"en_US","og_type":"article","og_title":"\u00c7evresel \u0130zleme - Lighthouse Worldwide Solutions","og_description":"Temizodalar ve end\u00fcstriyel alanlar i\u00e7in partik\u00fcl say\u0131m cihazlar\u0131, mikrobiyolojik \u00f6rnekleme cihazlar\u0131, \u00e7evresel sens\u00f6rler ve ger\u00e7ek zamanl\u0131 izleme sistemleri sunuyoruz. Hassas \u00f6l\u00e7\u00fcm ve GMP uyumlulu\u011fu ile kaliteyi garanti alt\u0131na al\u0131n!","og_url":"https:\/\/golighthouse.com\/tr\/cevresel-izleme\/","og_site_name":"EMEA","article_modified_time":"2025-03-07T11:48:00+00:00","twitter_card":"summary_large_image","twitter_misc":{"Est. reading time":"1 minute"},"schema":{"@context":"https:\/\/schema.org","@graph":[{"@type":"WebPage","@id":"https:\/\/golighthouse.com\/tr\/cevresel-izleme\/","url":"https:\/\/golighthouse.com\/tr\/cevresel-izleme\/","name":"\u00c7evresel \u0130zleme - Lighthouse Worldwide Solutions","isPartOf":{"@id":"https:\/\/golighthouse.com\/tr\/#website"},"datePublished":"2023-05-17T17:31:39+00:00","dateModified":"2025-03-07T11:48:00+00:00","description":"Temizodalar ve end\u00fcstriyel alanlar i\u00e7in partik\u00fcl say\u0131m cihazlar\u0131, mikrobiyolojik \u00f6rnekleme cihazlar\u0131, \u00e7evresel sens\u00f6rler ve ger\u00e7ek zamanl\u0131 izleme sistemleri sunuyoruz. Hassas \u00f6l\u00e7\u00fcm ve GMP uyumlulu\u011fu ile kaliteyi garanti alt\u0131na al\u0131n!","breadcrumb":{"@id":"https:\/\/golighthouse.com\/tr\/cevresel-izleme\/#breadcrumb"},"inLanguage":"en","potentialAction":[{"@type":"ReadAction","target":["https:\/\/golighthouse.com\/tr\/cevresel-izleme\/"]}]},{"@type":"BreadcrumbList","@id":"https:\/\/golighthouse.com\/tr\/cevresel-izleme\/#breadcrumb","itemListElement":[{"@type":"ListItem","position":1,"name":"Home","item":"https:\/\/golighthouse.com\/tr\/"},{"@type":"ListItem","position":2,"name":"\u00c7evresel \u0130zleme"}]},{"@type":"WebSite","@id":"https:\/\/golighthouse.com\/tr\/#website","url":"https:\/\/golighthouse.com\/tr\/","name":"EMEA","description":"Just another WordPress site","publisher":{"@id":"https:\/\/golighthouse.com\/tr\/#organization"},"potentialAction":[{"@type":"SearchAction","target":{"@type":"EntryPoint","urlTemplate":"https:\/\/golighthouse.com\/tr\/?s={search_term_string}"},"query-input":{"@type":"PropertyValueSpecification","valueRequired":true,"valueName":"search_term_string"}}],"inLanguage":"en"},{"@type":"Organization","@id":"https:\/\/golighthouse.com\/tr\/#organization","name":"EMEA","url":"https:\/\/golighthouse.com\/tr\/","logo":{"@type":"ImageObject","inLanguage":"en","@id":"https:\/\/golighthouse.com\/tr\/#\/schema\/logo\/image\/","url":"https:\/\/golighthouse.com\/tr\/wp-content\/uploads\/2023\/05\/LWS-Horizontal-White.png","contentUrl":"https:\/\/golighthouse.com\/tr\/wp-content\/uploads\/2023\/05\/LWS-Horizontal-White.png","width":2495,"height":650,"caption":"EMEA"},"image":{"@id":"https:\/\/golighthouse.com\/tr\/#\/schema\/logo\/image\/"}}]}},"_links":{"self":[{"href":"https:\/\/golighthouse.com\/tr\/wp-json\/wp\/v2\/pages\/24","targetHints":{"allow":["GET"]}}],"collection":[{"href":"https:\/\/golighthouse.com\/tr\/wp-json\/wp\/v2\/pages"}],"about":[{"href":"https:\/\/golighthouse.com\/tr\/wp-json\/wp\/v2\/types\/page"}],"author":[{"embeddable":true,"href":"https:\/\/golighthouse.com\/tr\/wp-json\/wp\/v2\/users\/1"}],"replies":[{"embeddable":true,"href":"https:\/\/golighthouse.com\/tr\/wp-json\/wp\/v2\/comments?post=24"}],"version-history":[{"count":22,"href":"https:\/\/golighthouse.com\/tr\/wp-json\/wp\/v2\/pages\/24\/revisions"}],"predecessor-version":[{"id":10542,"href":"https:\/\/golighthouse.com\/tr\/wp-json\/wp\/v2\/pages\/24\/revisions\/10542"}],"wp:attachment":[{"href":"https:\/\/golighthouse.com\/tr\/wp-json\/wp\/v2\/media?parent=24"}],"curies":[{"name":"wp","href":"https:\/\/api.w.org\/{rel}","templated":true}]}}