{"id":70,"date":"2023-05-17T18:15:59","date_gmt":"2023-05-17T18:15:59","guid":{"rendered":"https:\/\/golighthouse.com\/tr\/?page_id=70"},"modified":"2025-03-07T09:20:20","modified_gmt":"2025-03-07T09:20:20","slug":"lighthouse-emea-hakkinda","status":"publish","type":"page","link":"https:\/\/golighthouse.com\/tr\/lighthouse-emea-hakkinda\/","title":{"rendered":"Lighthouse EMEA Hakk\u0131nda"},"content":{"rendered":"\t\t<div data-elementor-type=\"wp-page\" data-elementor-id=\"70\" class=\"elementor elementor-70\" data-elementor-post-type=\"page\">\n\t\t\t\t\t\t<section class=\"elementor-section elementor-top-section elementor-element elementor-element-14fefe8 elementor-reverse-mobile elementor-section-full_width elementor-section-height-default elementor-section-height-default\" data-id=\"14fefe8\" data-element_type=\"section\" data-e-type=\"section\" data-settings=\"{&quot;jet_parallax_layout_list&quot;:[]}\">\n\t\t\t\t\t\t<div class=\"elementor-container elementor-column-gap-default\">\n\t\t\t\t\t<div class=\"elementor-column elementor-col-100 elementor-top-column elementor-element elementor-element-786d7fa\" data-id=\"786d7fa\" data-element_type=\"column\" data-e-type=\"column\">\n\t\t\t<div class=\"elementor-widget-wrap elementor-element-populated\">\n\t\t\t\t\t\t<div class=\"elementor-element elementor-element-e045631 elementor-widget elementor-widget-heading\" data-id=\"e045631\" data-element_type=\"widget\" data-e-type=\"widget\" data-widget_type=\"heading.default\">\n\t\t\t\t<div class=\"elementor-widget-container\">\n\t\t\t\t\t<h1 class=\"elementor-heading-title elementor-size-default\">Lighthouse Worldwide Solutions EMEA Hakk\u0131nda<\/h1>\t\t\t\t<\/div>\n\t\t\t\t<\/div>\n\t\t\t\t<div class=\"elementor-element elementor-element-4d76136 elementor-widget-divider--view-line elementor-widget elementor-widget-divider\" data-id=\"4d76136\" data-element_type=\"widget\" data-e-type=\"widget\" data-widget_type=\"divider.default\">\n\t\t\t\t<div class=\"elementor-widget-container\">\n\t\t\t\t\t\t\t<div class=\"elementor-divider\">\n\t\t\t<span class=\"elementor-divider-separator\">\n\t\t\t\t\t\t<\/span>\n\t\t<\/div>\n\t\t\t\t\t\t<\/div>\n\t\t\t\t<\/div>\n\t\t\t\t\t<\/div>\n\t\t<\/div>\n\t\t\t\t\t<\/div>\n\t\t<\/section>\n\t\t<div class=\"elementor-element elementor-element-bb65dca e-con-full e-flex e-con e-parent\" data-id=\"bb65dca\" data-element_type=\"container\" data-e-type=\"container\" data-settings=\"{&quot;jet_parallax_layout_list&quot;:[]}\">\n\t\t<div class=\"elementor-element elementor-element-691a1b6 e-con-full e-flex e-con e-child\" data-id=\"691a1b6\" data-element_type=\"container\" data-e-type=\"container\" data-settings=\"{&quot;jet_parallax_layout_list&quot;:[]}\">\n\t\t\t\t<div class=\"elementor-element elementor-element-eaa86f8 elementor-widget elementor-widget-text-editor\" data-id=\"eaa86f8\" data-element_type=\"widget\" data-e-type=\"widget\" data-widget_type=\"text-editor.default\">\n\t\t\t\t<div class=\"elementor-widget-container\">\n\t\t\t\t\t\t\t\t\t<p>Lighthouse Worldwide Solutions, 1982\u2019de kurulmu\u015f, ger\u00e7ek zamanl\u0131 kontaminasyon izleme sistemleri ve partik\u00fcl \u00f6l\u00e7\u00fcm cihazlar\u0131 konusunda lider \u00fcreticilerden biridir.<\/p><p>Genel merkezi ve \u00fcretim fabrikas\u0131 Oregon, ABD&#8217;de bulunmaktad\u0131r.<\/p><p>D\u00fcnya\u2019da 5 yerel ofisi bulunan Lighthouse Worldwide Solutions firmas\u0131n\u0131n Avrupa, Orta Do\u011fu ve Afrikadaki 40 \u00fclkesinden sorumlu bir yerel ofisi de Lighthouse Worldwide Solutions EMEA ofisidir.<\/p><p>Istanbul merkezli yerel ofisi, kontaminasyon kontrol alan\u0131nda, temizoda izleme sistemleri m\u00fchendislik, tasar\u0131m, devreye alma, validasyon ve servis konular\u0131nda hizmet sa\u011flamaktad\u0131r.<\/p><p>Istanbul laboratuvar\u0131, partik\u00fcl, mikrobiyolojik \u00f6rnekleme ve debimetre alanlar\u0131nda ISO 17025:2017 akreditasyonuna sahiptir. Bu alanda T\u00fcrkiye\u2019de ilk, D\u00fcnya\u2019da 3.akredite laboratuvar olma \u00f6zelli\u011fini ta\u015f\u0131maktad\u0131r. Laboratuvarda verilen akredite hizmet, ayn\u0131 kaliteyle mobil laboratuvarlarda da yerinde hizmet olarak sunulabilmektedir.<\/p><p>\u0130la\u00e7, biyoteknoloji, k\u00f6k h\u00fccre, hastane, g\u0131da, savunma, havac\u0131l\u0131k, otomotiv sekt\u00f6rlerinde online izleme sistemleri; reg\u00fclasyon ve standartlara uygun bi\u00e7imde anahtar teslim olarak sunulmaktad\u0131r.<\/p><p>&#8212;<\/p><p style=\"line-height: 150%;\">Istanbul-based local office EMEA regional office provides engineering, design, implementation, validation and service in cleanroom monitoring systems in the field of contamination control to 40 countries in the EMEA region.\u00a0<\/p><p style=\"line-height: 150%;\"><span style=\"color: var( --e-global-color-text ); font-family: var( --e-global-typography-text-font-family ), Sans-serif; font-weight: var( --e-global-typography-text-font-weight ); text-align: var(--text-align); font-size: 1rem;\">EMEA Laboratory has 17025 accreditation and is the first accredited laboratory in Turkey and the third one in the world. The accredited service can also be delivered on-site in EMEA mobile laboratories.<\/span><\/p><p style=\"line-height: 150%;\"><span style=\"color: var( --e-global-color-text ); font-family: var( --e-global-typography-text-font-family ), Sans-serif; font-weight: var( --e-global-typography-text-font-weight ); text-align: var(--text-align); font-size: 1rem;\">Online monitoring systems in the pharmaceutical, biotechnology, stemcell, hospital, food, defense, aerospace and automotive sectors are offered as turnkey in compliance with regulations and standards.<\/span><\/p>\t\t\t\t\t\t\t\t<\/div>\n\t\t\t\t<\/div>\n\t\t\t\t<\/div>\n\t\t\t\t<\/div>\n\t\t<div class=\"elementor-element elementor-element-8bbcd27 e-con-full e-flex e-con e-parent\" data-id=\"8bbcd27\" data-element_type=\"container\" data-e-type=\"container\" data-settings=\"{&quot;jet_parallax_layout_list&quot;:[]}\">\n\t\t<div class=\"elementor-element elementor-element-248ab4d e-con-full e-flex e-con e-child\" data-id=\"248ab4d\" data-element_type=\"container\" data-e-type=\"container\" data-settings=\"{&quot;jet_parallax_layout_list&quot;:[]}\">\n\t\t\t\t<div class=\"elementor-element elementor-element-0ef37fe elementor-widget elementor-widget-image\" data-id=\"0ef37fe\" data-element_type=\"widget\" data-e-type=\"widget\" data-widget_type=\"image.default\">\n\t\t\t\t<div class=\"elementor-widget-container\">\n\t\t\t\t\t\t\t\t\t\t\t\t\t\t\t<img fetchpriority=\"high\" decoding=\"async\" width=\"800\" height=\"534\" src=\"https:\/\/golighthouse.com\/tr\/wp-content\/uploads\/2023\/06\/b_New_cleanroom_EMEA-1024x684.jpg\" class=\"attachment-large size-large wp-image-9836\" alt=\"\" srcset=\"https:\/\/golighthouse.com\/tr\/wp-content\/uploads\/2023\/06\/b_New_cleanroom_EMEA-1024x684.jpg 1024w, https:\/\/golighthouse.com\/tr\/wp-content\/uploads\/2023\/06\/b_New_cleanroom_EMEA-300x200.jpg 300w, https:\/\/golighthouse.com\/tr\/wp-content\/uploads\/2023\/06\/b_New_cleanroom_EMEA-768x513.jpg 768w, https:\/\/golighthouse.com\/tr\/wp-content\/uploads\/2023\/06\/b_New_cleanroom_EMEA.jpg 1200w\" sizes=\"(max-width: 800px) 100vw, 800px\" \/>\t\t\t\t\t\t\t\t\t\t\t\t\t\t\t<\/div>\n\t\t\t\t<\/div>\n\t\t\t\t<\/div>\n\t\t<div class=\"elementor-element elementor-element-af464e0 e-con-full e-flex e-con e-child\" data-id=\"af464e0\" data-element_type=\"container\" data-e-type=\"container\" data-settings=\"{&quot;jet_parallax_layout_list&quot;:[]}\">\n\t\t\t\t<div class=\"elementor-element elementor-element-770b51a elementor-widget elementor-widget-image\" data-id=\"770b51a\" data-element_type=\"widget\" data-e-type=\"widget\" data-widget_type=\"image.default\">\n\t\t\t\t<div class=\"elementor-widget-container\">\n\t\t\t\t\t\t\t\t\t\t\t\t\t\t\t<img decoding=\"async\" width=\"800\" height=\"534\" src=\"https:\/\/golighthouse.com\/tr\/wp-content\/uploads\/2023\/06\/ART_5076-1-1024x683.jpg\" class=\"attachment-large size-large wp-image-9971\" alt=\"\" srcset=\"https:\/\/golighthouse.com\/tr\/wp-content\/uploads\/2023\/06\/ART_5076-1-1024x683.jpg 1024w, https:\/\/golighthouse.com\/tr\/wp-content\/uploads\/2023\/06\/ART_5076-1-300x200.jpg 300w, https:\/\/golighthouse.com\/tr\/wp-content\/uploads\/2023\/06\/ART_5076-1-768x512.jpg 768w, https:\/\/golighthouse.com\/tr\/wp-content\/uploads\/2023\/06\/ART_5076-1-1536x1024.jpg 1536w, https:\/\/golighthouse.com\/tr\/wp-content\/uploads\/2023\/06\/ART_5076-1-2048x1365.jpg 2048w\" sizes=\"(max-width: 800px) 100vw, 800px\" \/>\t\t\t\t\t\t\t\t\t\t\t\t\t\t\t<\/div>\n\t\t\t\t<\/div>\n\t\t\t\t<\/div>\n\t\t\t\t<\/div>\n\t\t\t\t<\/div>\n\t\t","protected":false},"excerpt":{"rendered":"<p>Lighthouse Worldwide Solutions EMEA Hakk\u0131nda Lighthouse Worldwide Solutions, 1982\u2019de kurulmu\u015f, ger\u00e7ek zamanl\u0131 kontaminasyon izleme sistemleri ve partik\u00fcl \u00f6l\u00e7\u00fcm cihazlar\u0131 konusunda lider \u00fcreticilerden biridir. Genel merkezi ve \u00fcretim fabrikas\u0131 Oregon, ABD&#8217;de bulunmaktad\u0131r. D\u00fcnya\u2019da 5 yerel ofisi bulunan Lighthouse Worldwide Solutions firmas\u0131n\u0131n Avrupa, Orta Do\u011fu ve Afrikadaki 40 \u00fclkesinden sorumlu bir yerel ofisi de Lighthouse Worldwide Solutions [&hellip;]<\/p>\n","protected":false},"author":1,"featured_media":9836,"parent":0,"menu_order":0,"comment_status":"closed","ping_status":"closed","template":"elementor_header_footer","meta":{"footnotes":""},"class_list":["post-70","page","type-page","status-publish","has-post-thumbnail","hentry"],"yoast_head":"<!-- This site is optimized with the Yoast SEO plugin v27.4 - https:\/\/yoast.com\/product\/yoast-seo-wordpress\/ -->\n<title>Hakk\u0131nda - Lighthouse Worldwide Solutions EMEA<\/title>\n<meta name=\"description\" content=\"Lighthouse Worldwide Solutions EMEA, temizoda izleme sistemleri, partik\u00fcl say\u0131m cihazlar\u0131 ve ISO 17025:2017 akreditasyonlu laboratuvar hizmetleriyle Avrupa, Orta Do\u011fu ve Afrika\u2019da kontaminasyon kontrol\u00fc sa\u011fl\u0131yor.\" \/>\n<meta name=\"robots\" content=\"index, follow, max-snippet:-1, max-image-preview:large, max-video-preview:-1\" \/>\n<link rel=\"canonical\" href=\"https:\/\/golighthouse.com\/tr\/lighthouse-emea-hakkinda\/\" \/>\n<meta property=\"og:locale\" content=\"en_US\" \/>\n<meta property=\"og:type\" content=\"article\" \/>\n<meta property=\"og:title\" content=\"Hakk\u0131nda - Lighthouse Worldwide Solutions EMEA\" \/>\n<meta property=\"og:description\" content=\"Lighthouse Worldwide Solutions EMEA, temizoda izleme sistemleri, partik\u00fcl say\u0131m cihazlar\u0131 ve ISO 17025:2017 akreditasyonlu laboratuvar hizmetleriyle Avrupa, Orta Do\u011fu ve Afrika\u2019da kontaminasyon kontrol\u00fc sa\u011fl\u0131yor.\" \/>\n<meta property=\"og:url\" content=\"https:\/\/golighthouse.com\/tr\/lighthouse-emea-hakkinda\/\" \/>\n<meta property=\"og:site_name\" content=\"EMEA\" \/>\n<meta property=\"article:modified_time\" content=\"2025-03-07T09:20:20+00:00\" \/>\n<meta property=\"og:image\" content=\"https:\/\/golighthouse.com\/tr\/wp-content\/uploads\/2023\/06\/b_New_cleanroom_EMEA.jpg\" \/>\n\t<meta property=\"og:image:width\" content=\"1200\" \/>\n\t<meta property=\"og:image:height\" content=\"801\" \/>\n\t<meta property=\"og:image:type\" content=\"image\/jpeg\" \/>\n<meta name=\"twitter:card\" content=\"summary_large_image\" \/>\n<meta name=\"twitter:label1\" content=\"Est. reading time\" \/>\n\t<meta name=\"twitter:data1\" content=\"2 minutes\" \/>\n<script type=\"application\/ld+json\" class=\"yoast-schema-graph\">{\"@context\":\"https:\\\/\\\/schema.org\",\"@graph\":[{\"@type\":\"WebPage\",\"@id\":\"https:\\\/\\\/golighthouse.com\\\/tr\\\/lighthouse-emea-hakkinda\\\/\",\"url\":\"https:\\\/\\\/golighthouse.com\\\/tr\\\/lighthouse-emea-hakkinda\\\/\",\"name\":\"Hakk\u0131nda - Lighthouse Worldwide Solutions EMEA\",\"isPartOf\":{\"@id\":\"https:\\\/\\\/golighthouse.com\\\/tr\\\/#website\"},\"primaryImageOfPage\":{\"@id\":\"https:\\\/\\\/golighthouse.com\\\/tr\\\/lighthouse-emea-hakkinda\\\/#primaryimage\"},\"image\":{\"@id\":\"https:\\\/\\\/golighthouse.com\\\/tr\\\/lighthouse-emea-hakkinda\\\/#primaryimage\"},\"thumbnailUrl\":\"https:\\\/\\\/golighthouse.com\\\/tr\\\/wp-content\\\/uploads\\\/2023\\\/06\\\/b_New_cleanroom_EMEA.jpg\",\"datePublished\":\"2023-05-17T18:15:59+00:00\",\"dateModified\":\"2025-03-07T09:20:20+00:00\",\"description\":\"Lighthouse Worldwide Solutions EMEA, temizoda izleme sistemleri, partik\u00fcl say\u0131m cihazlar\u0131 ve ISO 17025:2017 akreditasyonlu laboratuvar hizmetleriyle Avrupa, Orta Do\u011fu ve Afrika\u2019da kontaminasyon kontrol\u00fc sa\u011fl\u0131yor.\",\"breadcrumb\":{\"@id\":\"https:\\\/\\\/golighthouse.com\\\/tr\\\/lighthouse-emea-hakkinda\\\/#breadcrumb\"},\"inLanguage\":\"en\",\"potentialAction\":[{\"@type\":\"ReadAction\",\"target\":[\"https:\\\/\\\/golighthouse.com\\\/tr\\\/lighthouse-emea-hakkinda\\\/\"]}]},{\"@type\":\"ImageObject\",\"inLanguage\":\"en\",\"@id\":\"https:\\\/\\\/golighthouse.com\\\/tr\\\/lighthouse-emea-hakkinda\\\/#primaryimage\",\"url\":\"https:\\\/\\\/golighthouse.com\\\/tr\\\/wp-content\\\/uploads\\\/2023\\\/06\\\/b_New_cleanroom_EMEA.jpg\",\"contentUrl\":\"https:\\\/\\\/golighthouse.com\\\/tr\\\/wp-content\\\/uploads\\\/2023\\\/06\\\/b_New_cleanroom_EMEA.jpg\",\"width\":1200,\"height\":801},{\"@type\":\"BreadcrumbList\",\"@id\":\"https:\\\/\\\/golighthouse.com\\\/tr\\\/lighthouse-emea-hakkinda\\\/#breadcrumb\",\"itemListElement\":[{\"@type\":\"ListItem\",\"position\":1,\"name\":\"Home\",\"item\":\"https:\\\/\\\/golighthouse.com\\\/tr\\\/\"},{\"@type\":\"ListItem\",\"position\":2,\"name\":\"Lighthouse EMEA Hakk\u0131nda\"}]},{\"@type\":\"WebSite\",\"@id\":\"https:\\\/\\\/golighthouse.com\\\/tr\\\/#website\",\"url\":\"https:\\\/\\\/golighthouse.com\\\/tr\\\/\",\"name\":\"EMEA\",\"description\":\"Just another WordPress site\",\"publisher\":{\"@id\":\"https:\\\/\\\/golighthouse.com\\\/tr\\\/#organization\"},\"potentialAction\":[{\"@type\":\"SearchAction\",\"target\":{\"@type\":\"EntryPoint\",\"urlTemplate\":\"https:\\\/\\\/golighthouse.com\\\/tr\\\/?s={search_term_string}\"},\"query-input\":{\"@type\":\"PropertyValueSpecification\",\"valueRequired\":true,\"valueName\":\"search_term_string\"}}],\"inLanguage\":\"en\"},{\"@type\":\"Organization\",\"@id\":\"https:\\\/\\\/golighthouse.com\\\/tr\\\/#organization\",\"name\":\"EMEA\",\"url\":\"https:\\\/\\\/golighthouse.com\\\/tr\\\/\",\"logo\":{\"@type\":\"ImageObject\",\"inLanguage\":\"en\",\"@id\":\"https:\\\/\\\/golighthouse.com\\\/tr\\\/#\\\/schema\\\/logo\\\/image\\\/\",\"url\":\"https:\\\/\\\/golighthouse.com\\\/tr\\\/wp-content\\\/uploads\\\/2023\\\/05\\\/LWS-Horizontal-White.png\",\"contentUrl\":\"https:\\\/\\\/golighthouse.com\\\/tr\\\/wp-content\\\/uploads\\\/2023\\\/05\\\/LWS-Horizontal-White.png\",\"width\":2495,\"height\":650,\"caption\":\"EMEA\"},\"image\":{\"@id\":\"https:\\\/\\\/golighthouse.com\\\/tr\\\/#\\\/schema\\\/logo\\\/image\\\/\"}}]}<\/script>\n<!-- \/ Yoast SEO plugin. -->","yoast_head_json":{"title":"Hakk\u0131nda - Lighthouse Worldwide Solutions EMEA","description":"Lighthouse Worldwide Solutions EMEA, temizoda izleme sistemleri, partik\u00fcl say\u0131m cihazlar\u0131 ve ISO 17025:2017 akreditasyonlu laboratuvar hizmetleriyle Avrupa, Orta Do\u011fu ve Afrika\u2019da kontaminasyon kontrol\u00fc sa\u011fl\u0131yor.","robots":{"index":"index","follow":"follow","max-snippet":"max-snippet:-1","max-image-preview":"max-image-preview:large","max-video-preview":"max-video-preview:-1"},"canonical":"https:\/\/golighthouse.com\/tr\/lighthouse-emea-hakkinda\/","og_locale":"en_US","og_type":"article","og_title":"Hakk\u0131nda - Lighthouse Worldwide Solutions EMEA","og_description":"Lighthouse Worldwide Solutions EMEA, temizoda izleme sistemleri, partik\u00fcl say\u0131m cihazlar\u0131 ve ISO 17025:2017 akreditasyonlu laboratuvar hizmetleriyle Avrupa, Orta Do\u011fu ve Afrika\u2019da kontaminasyon kontrol\u00fc sa\u011fl\u0131yor.","og_url":"https:\/\/golighthouse.com\/tr\/lighthouse-emea-hakkinda\/","og_site_name":"EMEA","article_modified_time":"2025-03-07T09:20:20+00:00","og_image":[{"width":1200,"height":801,"url":"https:\/\/golighthouse.com\/tr\/wp-content\/uploads\/2023\/06\/b_New_cleanroom_EMEA.jpg","type":"image\/jpeg"}],"twitter_card":"summary_large_image","twitter_misc":{"Est. reading time":"2 minutes"},"schema":{"@context":"https:\/\/schema.org","@graph":[{"@type":"WebPage","@id":"https:\/\/golighthouse.com\/tr\/lighthouse-emea-hakkinda\/","url":"https:\/\/golighthouse.com\/tr\/lighthouse-emea-hakkinda\/","name":"Hakk\u0131nda - Lighthouse Worldwide Solutions EMEA","isPartOf":{"@id":"https:\/\/golighthouse.com\/tr\/#website"},"primaryImageOfPage":{"@id":"https:\/\/golighthouse.com\/tr\/lighthouse-emea-hakkinda\/#primaryimage"},"image":{"@id":"https:\/\/golighthouse.com\/tr\/lighthouse-emea-hakkinda\/#primaryimage"},"thumbnailUrl":"https:\/\/golighthouse.com\/tr\/wp-content\/uploads\/2023\/06\/b_New_cleanroom_EMEA.jpg","datePublished":"2023-05-17T18:15:59+00:00","dateModified":"2025-03-07T09:20:20+00:00","description":"Lighthouse Worldwide Solutions EMEA, temizoda izleme sistemleri, partik\u00fcl say\u0131m cihazlar\u0131 ve ISO 17025:2017 akreditasyonlu laboratuvar hizmetleriyle Avrupa, Orta Do\u011fu ve Afrika\u2019da kontaminasyon kontrol\u00fc sa\u011fl\u0131yor.","breadcrumb":{"@id":"https:\/\/golighthouse.com\/tr\/lighthouse-emea-hakkinda\/#breadcrumb"},"inLanguage":"en","potentialAction":[{"@type":"ReadAction","target":["https:\/\/golighthouse.com\/tr\/lighthouse-emea-hakkinda\/"]}]},{"@type":"ImageObject","inLanguage":"en","@id":"https:\/\/golighthouse.com\/tr\/lighthouse-emea-hakkinda\/#primaryimage","url":"https:\/\/golighthouse.com\/tr\/wp-content\/uploads\/2023\/06\/b_New_cleanroom_EMEA.jpg","contentUrl":"https:\/\/golighthouse.com\/tr\/wp-content\/uploads\/2023\/06\/b_New_cleanroom_EMEA.jpg","width":1200,"height":801},{"@type":"BreadcrumbList","@id":"https:\/\/golighthouse.com\/tr\/lighthouse-emea-hakkinda\/#breadcrumb","itemListElement":[{"@type":"ListItem","position":1,"name":"Home","item":"https:\/\/golighthouse.com\/tr\/"},{"@type":"ListItem","position":2,"name":"Lighthouse EMEA Hakk\u0131nda"}]},{"@type":"WebSite","@id":"https:\/\/golighthouse.com\/tr\/#website","url":"https:\/\/golighthouse.com\/tr\/","name":"EMEA","description":"Just another WordPress site","publisher":{"@id":"https:\/\/golighthouse.com\/tr\/#organization"},"potentialAction":[{"@type":"SearchAction","target":{"@type":"EntryPoint","urlTemplate":"https:\/\/golighthouse.com\/tr\/?s={search_term_string}"},"query-input":{"@type":"PropertyValueSpecification","valueRequired":true,"valueName":"search_term_string"}}],"inLanguage":"en"},{"@type":"Organization","@id":"https:\/\/golighthouse.com\/tr\/#organization","name":"EMEA","url":"https:\/\/golighthouse.com\/tr\/","logo":{"@type":"ImageObject","inLanguage":"en","@id":"https:\/\/golighthouse.com\/tr\/#\/schema\/logo\/image\/","url":"https:\/\/golighthouse.com\/tr\/wp-content\/uploads\/2023\/05\/LWS-Horizontal-White.png","contentUrl":"https:\/\/golighthouse.com\/tr\/wp-content\/uploads\/2023\/05\/LWS-Horizontal-White.png","width":2495,"height":650,"caption":"EMEA"},"image":{"@id":"https:\/\/golighthouse.com\/tr\/#\/schema\/logo\/image\/"}}]}},"_links":{"self":[{"href":"https:\/\/golighthouse.com\/tr\/wp-json\/wp\/v2\/pages\/70","targetHints":{"allow":["GET"]}}],"collection":[{"href":"https:\/\/golighthouse.com\/tr\/wp-json\/wp\/v2\/pages"}],"about":[{"href":"https:\/\/golighthouse.com\/tr\/wp-json\/wp\/v2\/types\/page"}],"author":[{"embeddable":true,"href":"https:\/\/golighthouse.com\/tr\/wp-json\/wp\/v2\/users\/1"}],"replies":[{"embeddable":true,"href":"https:\/\/golighthouse.com\/tr\/wp-json\/wp\/v2\/comments?post=70"}],"version-history":[{"count":29,"href":"https:\/\/golighthouse.com\/tr\/wp-json\/wp\/v2\/pages\/70\/revisions"}],"predecessor-version":[{"id":10527,"href":"https:\/\/golighthouse.com\/tr\/wp-json\/wp\/v2\/pages\/70\/revisions\/10527"}],"wp:featuredmedia":[{"embeddable":true,"href":"https:\/\/golighthouse.com\/tr\/wp-json\/wp\/v2\/media\/9836"}],"wp:attachment":[{"href":"https:\/\/golighthouse.com\/tr\/wp-json\/wp\/v2\/media?parent=70"}],"curies":[{"name":"wp","href":"https:\/\/api.w.org\/{rel}","templated":true}]}}