{"id":72,"date":"2023-05-17T18:16:31","date_gmt":"2023-05-17T18:16:31","guid":{"rendered":"https:\/\/golighthouse.com\/tr\/?page_id=72"},"modified":"2025-02-17T16:25:49","modified_gmt":"2025-02-17T16:25:49","slug":"contact-us","status":"publish","type":"page","link":"https:\/\/golighthouse.com\/tr\/contact-us\/","title":{"rendered":"Bize Ula\u015f\u0131n"},"content":{"rendered":"\t\t<div data-elementor-type=\"wp-page\" data-elementor-id=\"72\" class=\"elementor elementor-72\" data-elementor-post-type=\"page\">\n\t\t\t\t<div class=\"elementor-element elementor-element-3362313 e-con-full e-flex e-con e-parent\" data-id=\"3362313\" data-element_type=\"container\" data-e-type=\"container\" data-settings=\"{&quot;jet_parallax_layout_list&quot;:[]}\">\n\t\t\t\t<div class=\"elementor-element elementor-element-242572d elementor-widget elementor-widget-heading\" data-id=\"242572d\" data-element_type=\"widget\" data-e-type=\"widget\" data-widget_type=\"heading.default\">\n\t\t\t\t<div class=\"elementor-widget-container\">\n\t\t\t\t\t<h1 class=\"elementor-heading-title elementor-size-default\">Bize UIa\u015f\u0131n<\/h1>\t\t\t\t<\/div>\n\t\t\t\t<\/div>\n\t\t\t\t<div class=\"elementor-element elementor-element-ddb6a24 elementor-widget-divider--view-line elementor-widget elementor-widget-divider\" data-id=\"ddb6a24\" data-element_type=\"widget\" data-e-type=\"widget\" data-widget_type=\"divider.default\">\n\t\t\t\t<div class=\"elementor-widget-container\">\n\t\t\t\t\t\t\t<div class=\"elementor-divider\">\n\t\t\t<span class=\"elementor-divider-separator\">\n\t\t\t\t\t\t<\/span>\n\t\t<\/div>\n\t\t\t\t\t\t<\/div>\n\t\t\t\t<\/div>\n\t\t\t\t<\/div>\n\t\t<div class=\"elementor-element elementor-element-4db41ad e-flex e-con-boxed e-con e-parent\" data-id=\"4db41ad\" data-element_type=\"container\" data-e-type=\"container\" data-settings=\"{&quot;jet_parallax_layout_list&quot;:[]}\">\n\t\t\t\t\t<div class=\"e-con-inner\">\n\t\t<div class=\"elementor-element elementor-element-e1bf3cd e-con-full e-flex e-con e-child\" data-id=\"e1bf3cd\" data-element_type=\"container\" data-e-type=\"container\" data-settings=\"{&quot;jet_parallax_layout_list&quot;:[]}\">\n\t\t\t\t<div class=\"elementor-element elementor-element-32cb24d elementor-widget elementor-widget-heading\" data-id=\"32cb24d\" data-element_type=\"widget\" data-e-type=\"widget\" data-widget_type=\"heading.default\">\n\t\t\t\t<div class=\"elementor-widget-container\">\n\t\t\t\t\t<h2 class=\"elementor-heading-title elementor-size-default\">\u0130leti\u015fim Bilgileri<\/h2>\t\t\t\t<\/div>\n\t\t\t\t<\/div>\n\t\t\t\t<div class=\"elementor-element elementor-element-b8ad20f elementor-widget__width-initial elementor-widget elementor-widget-text-editor\" data-id=\"b8ad20f\" data-element_type=\"widget\" data-e-type=\"widget\" data-widget_type=\"text-editor.default\">\n\t\t\t\t<div class=\"elementor-widget-container\">\n\t\t\t\t\t\t\t\t\t<p><h4><b>Lighthouse Worldwide Solutions EMEA<\/b><\/h4>Mimarsinan Mh. Ozge Sk. Zin D Is Merkezi No:26 Cekmekoy , Istanbul \/ Turkiye<\/p>\n<p>Telefon: +90 216 640 05 97<br>Email: emea@golighthouse.com<\/p>\t\t\t\t\t\t\t\t<\/div>\n\t\t\t\t<\/div>\n\t\t\t\t<div class=\"elementor-element elementor-element-76ad3bd elementor-widget__width-initial elementor-widget elementor-widget-text-editor\" data-id=\"76ad3bd\" data-element_type=\"widget\" data-e-type=\"widget\" data-widget_type=\"text-editor.default\">\n\t\t\t\t<div class=\"elementor-widget-container\">\n\t\t\t\t\t\t\t\t\t<p><iframe style=\"border: 0;\" src=\"https:\/\/www.google.com\/maps\/embed?pb=!1m18!1m12!1m3!1d12049.468609195825!2d29.163118522738113!3d41.03123926156055!2m3!1f0!2f0!3f0!3m2!1i1024!2i768!4f13.1!3m3!1m2!1s0x14caceed76368b1d%3A0x8263afc323b7e214!2sLighthouse%20Worldwide%20Solutions%20EMEA%20Operations!5e0!3m2!1str!2stt!4v1739802652497!5m2!1str!2stt\" width=\"600\" height=\"450\" allowfullscreen=\"allowfullscreen\"><\/iframe><\/p>\t\t\t\t\t\t\t\t<\/div>\n\t\t\t\t<\/div>\n\t\t\t\t<\/div>\n\t\t<div class=\"elementor-element elementor-element-6ebe3ab e-con-full e-flex e-con e-child\" data-id=\"6ebe3ab\" data-element_type=\"container\" data-e-type=\"container\" data-settings=\"{&quot;jet_parallax_layout_list&quot;:[]}\">\n\t\t\t\t<div class=\"elementor-element elementor-element-365ad29 elementor-widget elementor-widget-heading\" data-id=\"365ad29\" data-element_type=\"widget\" data-e-type=\"widget\" data-widget_type=\"heading.default\">\n\t\t\t\t<div class=\"elementor-widget-container\">\n\t\t\t\t\t<h2 class=\"elementor-heading-title elementor-size-default\">\u0130leti\u015fim Formu<\/h2>\t\t\t\t<\/div>\n\t\t\t\t<\/div>\n\t\t\t\t<div class=\"elementor-element elementor-element-0b57557 elementor-button-align-stretch elementor-widget elementor-widget-form\" data-id=\"0b57557\" data-element_type=\"widget\" data-e-type=\"widget\" data-settings=\"{&quot;step_next_label&quot;:&quot;Next&quot;,&quot;step_previous_label&quot;:&quot;Previous&quot;,&quot;button_width&quot;:&quot;100&quot;,&quot;step_type&quot;:&quot;number_text&quot;,&quot;step_icon_shape&quot;:&quot;circle&quot;}\" data-widget_type=\"form.default\">\n\t\t\t\t<div class=\"elementor-widget-container\">\n\t\t\t\t\t\t\t<form class=\"elementor-form\" method=\"post\" id=\"emea_contact_form\" name=\"New Form\" aria-label=\"New Form\">\n\t\t\t<input type=\"hidden\" name=\"post_id\" value=\"72\"\/>\n\t\t\t<input type=\"hidden\" name=\"form_id\" value=\"0b57557\"\/>\n\t\t\t<input type=\"hidden\" name=\"referer_title\" value=\"Bize Ula\u015f\u0131n - EMEA\" \/>\n\n\t\t\t\t\t\t\t<input type=\"hidden\" name=\"queried_id\" value=\"72\"\/>\n\t\t\t\n\t\t\t<div class=\"elementor-form-fields-wrapper elementor-labels-above\">\n\t\t\t\t\t\t\t\t<div class=\"elementor-field-type-text elementor-field-group elementor-column elementor-field-group-name elementor-col-100 elementor-field-required elementor-mark-required\">\n\t\t\t\t\t\t\t\t\t\t\t\t<label for=\"form-field-name\" class=\"elementor-field-label\">\n\t\t\t\t\t\t\t\tAd\u0131n\u0131z Soyad\u0131n\u0131z\t\t\t\t\t\t\t<\/label>\n\t\t\t\t\t\t\t\t\t\t\t\t\t\t<input size=\"1\" type=\"text\" name=\"form_fields[name]\" id=\"form-field-name\" class=\"elementor-field elementor-size-md  elementor-field-textual\" required=\"required\">\n\t\t\t\t\t\t\t\t\t\t\t<\/div>\n\t\t\t\t\t\t\t\t<div class=\"elementor-field-type-text elementor-field-group elementor-column elementor-field-group-company elementor-col-100 elementor-field-required elementor-mark-required\">\n\t\t\t\t\t\t\t\t\t\t\t\t<label for=\"form-field-company\" class=\"elementor-field-label\">\n\t\t\t\t\t\t\t\tFirma Ad\u0131n\u0131z\t\t\t\t\t\t\t<\/label>\n\t\t\t\t\t\t\t\t\t\t\t\t\t\t<input size=\"1\" type=\"text\" name=\"form_fields[company]\" id=\"form-field-company\" class=\"elementor-field elementor-size-md  elementor-field-textual\" required=\"required\">\n\t\t\t\t\t\t\t\t\t\t\t<\/div>\n\t\t\t\t\t\t\t\t<div class=\"elementor-field-type-email elementor-field-group elementor-column elementor-field-group-email elementor-col-100 elementor-field-required elementor-mark-required\">\n\t\t\t\t\t\t\t\t\t\t\t\t<label for=\"form-field-email\" class=\"elementor-field-label\">\n\t\t\t\t\t\t\t\tEmail Adresiniz\t\t\t\t\t\t\t<\/label>\n\t\t\t\t\t\t\t\t\t\t\t\t\t\t<input size=\"1\" type=\"email\" name=\"form_fields[email]\" id=\"form-field-email\" class=\"elementor-field elementor-size-md  elementor-field-textual\" required=\"required\">\n\t\t\t\t\t\t\t\t\t\t\t<\/div>\n\t\t\t\t\t\t\t\t<div class=\"elementor-field-type-text elementor-field-group elementor-column elementor-field-group-field_55d51d3 elementor-col-100 elementor-field-required elementor-mark-required\">\n\t\t\t\t\t\t\t\t\t\t\t\t<label for=\"form-field-field_55d51d3\" class=\"elementor-field-label\">\n\t\t\t\t\t\t\t\tTelefonunuz\t\t\t\t\t\t\t<\/label>\n\t\t\t\t\t\t\t\t\t\t\t\t\t\t<input size=\"1\" type=\"text\" name=\"form_fields[field_55d51d3]\" id=\"form-field-field_55d51d3\" class=\"elementor-field elementor-size-md  elementor-field-textual\" required=\"required\">\n\t\t\t\t\t\t\t\t\t\t\t<\/div>\n\t\t\t\t\t\t\t\t<div class=\"elementor-field-type-select elementor-field-group elementor-column elementor-field-group-field_2c797a9 elementor-col-100 elementor-field-required elementor-mark-required\">\n\t\t\t\t\t\t\t\t\t\t\t\t<label for=\"form-field-field_2c797a9\" class=\"elementor-field-label\">\n\t\t\t\t\t\t\t\tMesaj Tipi\t\t\t\t\t\t\t<\/label>\n\t\t\t\t\t\t\t\t<div class=\"elementor-field elementor-select-wrapper remove-before \">\n\t\t\t<div class=\"select-caret-down-wrapper\">\n\t\t\t\t<i aria-hidden=\"true\" class=\"eicon-caret-down\"><\/i>\t\t\t<\/div>\n\t\t\t<select name=\"form_fields[field_2c797a9]\" id=\"form-field-field_2c797a9\" class=\"elementor-field-textual elementor-size-md\" required=\"required\">\n\t\t\t\t\t\t\t\t\t<option value=\"Bilgi Talebi\">Bilgi Talebi<\/option>\n\t\t\t\t\t\t\t\t\t<option value=\"Teklif Talebi\">Teklif Talebi<\/option>\n\t\t\t\t\t\t\t\t\t<option value=\"G\u00f6r\u00fc\u015f-\u00d6neri\">G\u00f6r\u00fc\u015f-\u00d6neri<\/option>\n\t\t\t\t\t\t\t\t\t<option value=\"\u015eikayet\">\u015eikayet<\/option>\n\t\t\t\t\t\t\t\t\t<option value=\"Di\u011fer\">Di\u011fer<\/option>\n\t\t\t\t\t\t\t<\/select>\n\t\t<\/div>\n\t\t\t\t\t\t<\/div>\n\t\t\t\t\t\t\t\t<div class=\"elementor-field-type-textarea elementor-field-group elementor-column elementor-field-group-message elementor-col-100\">\n\t\t\t\t\t\t\t\t\t\t\t\t<label for=\"form-field-message\" class=\"elementor-field-label\">\n\t\t\t\t\t\t\t\tMesaj\u0131n\u0131z\t\t\t\t\t\t\t<\/label>\n\t\t\t\t\t\t<textarea class=\"elementor-field-textual elementor-field  elementor-size-md\" name=\"form_fields[message]\" id=\"form-field-message\" rows=\"4\"><\/textarea>\t\t\t\t<\/div>\n\t\t\t\t\t\t\t\t<div class=\"elementor-field-type-recaptcha elementor-field-group elementor-column elementor-field-group-field_2f28eec elementor-col-100\">\n\t\t\t\t\t<div class=\"elementor-field\" id=\"form-field-field_2f28eec\"><div class=\"elementor-g-recaptcha\" data-sitekey=\"6Lc8qNkqAAAAAHlVRfTIVXvH47y8_IzMTS7ntuRN\" data-type=\"v2_checkbox\" data-theme=\"light\" data-size=\"normal\"><\/div><\/div>\t\t\t\t<\/div>\n\t\t\t\t\t\t\t\t<div class=\"elementor-field-group elementor-column elementor-field-type-submit elementor-col-100 e-form__buttons\">\n\t\t\t\t\t<button class=\"elementor-button elementor-size-lg\" type=\"submit\">\n\t\t\t\t\t\t<span class=\"elementor-button-content-wrapper\">\n\t\t\t\t\t\t\t\t\t\t\t\t\t\t\t\t\t\t\t\t\t\t<span class=\"elementor-button-text\">G\u00f6nder<\/span>\n\t\t\t\t\t\t\t\t\t\t\t\t\t<\/span>\n\t\t\t\t\t<\/button>\n\t\t\t\t<\/div>\n\t\t\t<\/div>\n\t\t<\/form>\n\t\t\t\t\t\t<\/div>\n\t\t\t\t<\/div>\n\t\t\t\t<\/div>\n\t\t\t\t\t<\/div>\n\t\t\t\t<\/div>\n\t\t<div class=\"elementor-element elementor-element-5442776 e-flex e-con-boxed e-con e-parent\" data-id=\"5442776\" data-element_type=\"container\" data-e-type=\"container\" data-settings=\"{&quot;jet_parallax_layout_list&quot;:[]}\">\n\t\t\t\t\t<div class=\"e-con-inner\">\n\t\t\t\t<div class=\"elementor-element elementor-element-9d1be83 elementor-widget elementor-widget-text-editor\" data-id=\"9d1be83\" data-element_type=\"widget\" data-e-type=\"widget\" data-widget_type=\"text-editor.default\">\n\t\t\t\t<div class=\"elementor-widget-container\">\n\t\t\t\t\t\t\t\t\t<p><br \/><br \/><br \/><\/p>\t\t\t\t\t\t\t\t<\/div>\n\t\t\t\t<\/div>\n\t\t\t\t\t<\/div>\n\t\t\t\t<\/div>\n\t\t\t\t<\/div>\n\t\t","protected":false},"excerpt":{"rendered":"<p>Bize UIa\u015f\u0131n \u0130leti\u015fim Bilgileri Lighthouse Worldwide Solutions EMEA Mimarsinan Mh. Ozge Sk. Zin D Is Merkezi No:26 Cekmekoy , Istanbul \/ Turkiye Telefon: +90 216 640 05 97Email: emea@golighthouse.com \u0130leti\u015fim Formu<\/p>\n","protected":false},"author":1,"featured_media":0,"parent":0,"menu_order":0,"comment_status":"closed","ping_status":"closed","template":"elementor_header_footer","meta":{"footnotes":""},"class_list":["post-72","page","type-page","status-publish","hentry"],"yoast_head":"<!-- This site is optimized with the Yoast SEO plugin v27.3 - https:\/\/yoast.com\/product\/yoast-seo-wordpress\/ -->\n<title>Bize Ula\u015f\u0131n - EMEA<\/title>\n<meta name=\"robots\" content=\"index, follow, max-snippet:-1, max-image-preview:large, max-video-preview:-1\" \/>\n<link rel=\"canonical\" href=\"https:\/\/golighthouse.com\/tr\/contact-us\/\" \/>\n<meta property=\"og:locale\" content=\"en_US\" \/>\n<meta property=\"og:type\" content=\"article\" \/>\n<meta property=\"og:title\" content=\"Bize Ula\u015f\u0131n - EMEA\" \/>\n<meta property=\"og:description\" content=\"Bize UIa\u015f\u0131n \u0130leti\u015fim Bilgileri Lighthouse Worldwide Solutions EMEA Mimarsinan Mh. Ozge Sk. Zin D Is Merkezi No:26 Cekmekoy , Istanbul \/ Turkiye Telefon: +90 216 640 05 97Email: emea@golighthouse.com \u0130leti\u015fim Formu\" \/>\n<meta property=\"og:url\" content=\"https:\/\/golighthouse.com\/tr\/contact-us\/\" \/>\n<meta property=\"og:site_name\" content=\"EMEA\" \/>\n<meta property=\"article:modified_time\" content=\"2025-02-17T16:25:49+00:00\" \/>\n<meta name=\"twitter:card\" content=\"summary_large_image\" \/>\n<meta name=\"twitter:label1\" content=\"Est. reading time\" \/>\n\t<meta name=\"twitter:data1\" content=\"1 minute\" \/>\n<script type=\"application\/ld+json\" class=\"yoast-schema-graph\">{\"@context\":\"https:\\\/\\\/schema.org\",\"@graph\":[{\"@type\":\"WebPage\",\"@id\":\"https:\\\/\\\/golighthouse.com\\\/tr\\\/contact-us\\\/\",\"url\":\"https:\\\/\\\/golighthouse.com\\\/tr\\\/contact-us\\\/\",\"name\":\"Bize Ula\u015f\u0131n - EMEA\",\"isPartOf\":{\"@id\":\"https:\\\/\\\/golighthouse.com\\\/tr\\\/#website\"},\"datePublished\":\"2023-05-17T18:16:31+00:00\",\"dateModified\":\"2025-02-17T16:25:49+00:00\",\"breadcrumb\":{\"@id\":\"https:\\\/\\\/golighthouse.com\\\/tr\\\/contact-us\\\/#breadcrumb\"},\"inLanguage\":\"en\",\"potentialAction\":[{\"@type\":\"ReadAction\",\"target\":[\"https:\\\/\\\/golighthouse.com\\\/tr\\\/contact-us\\\/\"]}]},{\"@type\":\"BreadcrumbList\",\"@id\":\"https:\\\/\\\/golighthouse.com\\\/tr\\\/contact-us\\\/#breadcrumb\",\"itemListElement\":[{\"@type\":\"ListItem\",\"position\":1,\"name\":\"Home\",\"item\":\"https:\\\/\\\/golighthouse.com\\\/tr\\\/\"},{\"@type\":\"ListItem\",\"position\":2,\"name\":\"Bize Ula\u015f\u0131n\"}]},{\"@type\":\"WebSite\",\"@id\":\"https:\\\/\\\/golighthouse.com\\\/tr\\\/#website\",\"url\":\"https:\\\/\\\/golighthouse.com\\\/tr\\\/\",\"name\":\"EMEA\",\"description\":\"Just another WordPress site\",\"publisher\":{\"@id\":\"https:\\\/\\\/golighthouse.com\\\/tr\\\/#organization\"},\"potentialAction\":[{\"@type\":\"SearchAction\",\"target\":{\"@type\":\"EntryPoint\",\"urlTemplate\":\"https:\\\/\\\/golighthouse.com\\\/tr\\\/?s={search_term_string}\"},\"query-input\":{\"@type\":\"PropertyValueSpecification\",\"valueRequired\":true,\"valueName\":\"search_term_string\"}}],\"inLanguage\":\"en\"},{\"@type\":\"Organization\",\"@id\":\"https:\\\/\\\/golighthouse.com\\\/tr\\\/#organization\",\"name\":\"EMEA\",\"url\":\"https:\\\/\\\/golighthouse.com\\\/tr\\\/\",\"logo\":{\"@type\":\"ImageObject\",\"inLanguage\":\"en\",\"@id\":\"https:\\\/\\\/golighthouse.com\\\/tr\\\/#\\\/schema\\\/logo\\\/image\\\/\",\"url\":\"https:\\\/\\\/golighthouse.com\\\/tr\\\/wp-content\\\/uploads\\\/2023\\\/05\\\/LWS-Horizontal-White.png\",\"contentUrl\":\"https:\\\/\\\/golighthouse.com\\\/tr\\\/wp-content\\\/uploads\\\/2023\\\/05\\\/LWS-Horizontal-White.png\",\"width\":2495,\"height\":650,\"caption\":\"EMEA\"},\"image\":{\"@id\":\"https:\\\/\\\/golighthouse.com\\\/tr\\\/#\\\/schema\\\/logo\\\/image\\\/\"}}]}<\/script>\n<!-- \/ Yoast SEO plugin. -->","yoast_head_json":{"title":"Bize Ula\u015f\u0131n - EMEA","robots":{"index":"index","follow":"follow","max-snippet":"max-snippet:-1","max-image-preview":"max-image-preview:large","max-video-preview":"max-video-preview:-1"},"canonical":"https:\/\/golighthouse.com\/tr\/contact-us\/","og_locale":"en_US","og_type":"article","og_title":"Bize Ula\u015f\u0131n - EMEA","og_description":"Bize UIa\u015f\u0131n \u0130leti\u015fim Bilgileri Lighthouse Worldwide Solutions EMEA Mimarsinan Mh. Ozge Sk. Zin D Is Merkezi No:26 Cekmekoy , Istanbul \/ Turkiye Telefon: +90 216 640 05 97Email: emea@golighthouse.com \u0130leti\u015fim Formu","og_url":"https:\/\/golighthouse.com\/tr\/contact-us\/","og_site_name":"EMEA","article_modified_time":"2025-02-17T16:25:49+00:00","twitter_card":"summary_large_image","twitter_misc":{"Est. reading time":"1 minute"},"schema":{"@context":"https:\/\/schema.org","@graph":[{"@type":"WebPage","@id":"https:\/\/golighthouse.com\/tr\/contact-us\/","url":"https:\/\/golighthouse.com\/tr\/contact-us\/","name":"Bize Ula\u015f\u0131n - EMEA","isPartOf":{"@id":"https:\/\/golighthouse.com\/tr\/#website"},"datePublished":"2023-05-17T18:16:31+00:00","dateModified":"2025-02-17T16:25:49+00:00","breadcrumb":{"@id":"https:\/\/golighthouse.com\/tr\/contact-us\/#breadcrumb"},"inLanguage":"en","potentialAction":[{"@type":"ReadAction","target":["https:\/\/golighthouse.com\/tr\/contact-us\/"]}]},{"@type":"BreadcrumbList","@id":"https:\/\/golighthouse.com\/tr\/contact-us\/#breadcrumb","itemListElement":[{"@type":"ListItem","position":1,"name":"Home","item":"https:\/\/golighthouse.com\/tr\/"},{"@type":"ListItem","position":2,"name":"Bize Ula\u015f\u0131n"}]},{"@type":"WebSite","@id":"https:\/\/golighthouse.com\/tr\/#website","url":"https:\/\/golighthouse.com\/tr\/","name":"EMEA","description":"Just another WordPress site","publisher":{"@id":"https:\/\/golighthouse.com\/tr\/#organization"},"potentialAction":[{"@type":"SearchAction","target":{"@type":"EntryPoint","urlTemplate":"https:\/\/golighthouse.com\/tr\/?s={search_term_string}"},"query-input":{"@type":"PropertyValueSpecification","valueRequired":true,"valueName":"search_term_string"}}],"inLanguage":"en"},{"@type":"Organization","@id":"https:\/\/golighthouse.com\/tr\/#organization","name":"EMEA","url":"https:\/\/golighthouse.com\/tr\/","logo":{"@type":"ImageObject","inLanguage":"en","@id":"https:\/\/golighthouse.com\/tr\/#\/schema\/logo\/image\/","url":"https:\/\/golighthouse.com\/tr\/wp-content\/uploads\/2023\/05\/LWS-Horizontal-White.png","contentUrl":"https:\/\/golighthouse.com\/tr\/wp-content\/uploads\/2023\/05\/LWS-Horizontal-White.png","width":2495,"height":650,"caption":"EMEA"},"image":{"@id":"https:\/\/golighthouse.com\/tr\/#\/schema\/logo\/image\/"}}]}},"_links":{"self":[{"href":"https:\/\/golighthouse.com\/tr\/wp-json\/wp\/v2\/pages\/72","targetHints":{"allow":["GET"]}}],"collection":[{"href":"https:\/\/golighthouse.com\/tr\/wp-json\/wp\/v2\/pages"}],"about":[{"href":"https:\/\/golighthouse.com\/tr\/wp-json\/wp\/v2\/types\/page"}],"author":[{"embeddable":true,"href":"https:\/\/golighthouse.com\/tr\/wp-json\/wp\/v2\/users\/1"}],"replies":[{"embeddable":true,"href":"https:\/\/golighthouse.com\/tr\/wp-json\/wp\/v2\/comments?post=72"}],"version-history":[{"count":93,"href":"https:\/\/golighthouse.com\/tr\/wp-json\/wp\/v2\/pages\/72\/revisions"}],"predecessor-version":[{"id":10515,"href":"https:\/\/golighthouse.com\/tr\/wp-json\/wp\/v2\/pages\/72\/revisions\/10515"}],"wp:attachment":[{"href":"https:\/\/golighthouse.com\/tr\/wp-json\/wp\/v2\/media?parent=72"}],"curies":[{"name":"wp","href":"https:\/\/api.w.org\/{rel}","templated":true}]}}