{"id":9808,"date":"2023-05-23T16:57:37","date_gmt":"2023-05-23T16:57:37","guid":{"rendered":"https:\/\/golighthouse.com\/tr\/?page_id=9808"},"modified":"2023-06-13T15:24:21","modified_gmt":"2023-06-13T15:24:21","slug":"kalibrasyon-ve-onarimlar","status":"publish","type":"page","link":"https:\/\/golighthouse.com\/tr\/kalibrasyon-ve-onarimlar\/","title":{"rendered":"KAL\u0130BRASYON, BAKIM &amp; SERV\u0130S H\u0130ZMETLER\u0130"},"content":{"rendered":"\t\t<div data-elementor-type=\"wp-page\" data-elementor-id=\"9808\" class=\"elementor elementor-9808\" data-elementor-post-type=\"page\">\n\t\t\t\t<div class=\"elementor-element elementor-element-50f2da9 e-con-full e-flex e-con e-parent\" data-id=\"50f2da9\" data-element_type=\"container\" data-e-type=\"container\" data-settings=\"{&quot;jet_parallax_layout_list&quot;:[]}\">\n\t\t\t\t<div class=\"elementor-element elementor-element-0ad1266 elementor-widget elementor-widget-heading\" data-id=\"0ad1266\" data-element_type=\"widget\" data-e-type=\"widget\" data-widget_type=\"heading.default\">\n\t\t\t\t<div class=\"elementor-widget-container\">\n\t\t\t\t\t<h2 class=\"elementor-heading-title elementor-size-default\">KAL\u0130BRASYON, BAKIM &amp; SERV\u0130S H\u0130ZMETLER\u0130<\/h2>\t\t\t\t<\/div>\n\t\t\t\t<\/div>\n\t\t\t\t<div class=\"elementor-element elementor-element-3f9472d elementor-widget-divider--view-line elementor-widget elementor-widget-divider\" data-id=\"3f9472d\" data-element_type=\"widget\" data-e-type=\"widget\" data-widget_type=\"divider.default\">\n\t\t\t\t<div class=\"elementor-widget-container\">\n\t\t\t\t\t\t\t<div class=\"elementor-divider\">\n\t\t\t<span class=\"elementor-divider-separator\">\n\t\t\t\t\t\t<\/span>\n\t\t<\/div>\n\t\t\t\t\t\t<\/div>\n\t\t\t\t<\/div>\n\t\t\t\t<\/div>\n\t\t<div class=\"elementor-element elementor-element-8e2d576 e-con-full e-flex e-con e-parent\" data-id=\"8e2d576\" data-element_type=\"container\" data-e-type=\"container\" data-settings=\"{&quot;jet_parallax_layout_list&quot;:[]}\">\n\t\t<div class=\"elementor-element elementor-element-2f69ccb e-con-full e-flex e-con e-parent\" data-id=\"2f69ccb\" data-element_type=\"container\" data-e-type=\"container\" data-settings=\"{&quot;jet_parallax_layout_list&quot;:[]}\">\n\t\t\t\t<div class=\"elementor-element elementor-element-48ae959 elementor-widget elementor-widget-text-editor\" data-id=\"48ae959\" data-element_type=\"widget\" data-e-type=\"widget\" data-widget_type=\"text-editor.default\">\n\t\t\t\t<div class=\"elementor-widget-container\">\n\t\t\t\t\t\t\t\t\t<p>Lighthouse Worldwide Solutions EMEA, akredite merkez ve mobil laboratuvar\u0131nda t\u00fcm kalibrasyon, bak\u0131m ve servis hizmetlerini ger\u00e7ekle\u015ftirecek altyap\u0131y\u0131 bulundurmaktad\u0131r. \u00d6zellikle senelik\u00a0planlanan\u00a0bak\u0131m ve kalibrasyon hizmetlerinde vakit k\u0131s\u0131t\u0131 bulunan sekt\u00f6rler i\u00e7in;\u00a0cihaz lojisti\u011fini minimuma indirecek ve en h\u0131zl\u0131 hizmeti sunabilecek \u015fekilde t\u00fcm hizmetler, akredite mobil laboratuvarlarda ger\u00e7ekle\u015ftirilebilmektedir.\u00a0<\/p><p>Lighthouse partik\u00fcl \u00f6l\u00e7\u00fcm ve aktif \u00f6rnekleme cihazlar\u0131n\u0131zla ilgili her t\u00fcrl\u00fc sorunuz ve servis hizmet taleplerinizi\u00a0emeaservice@golighthouse.com mail adresine bildirebilirsiniz.<\/p>\t\t\t\t\t\t\t\t<\/div>\n\t\t\t\t<\/div>\n\t\t\t\t<\/div>\n\t\t<div class=\"elementor-element elementor-element-fa1402d e-con-full e-flex e-con e-parent\" data-id=\"fa1402d\" data-element_type=\"container\" data-e-type=\"container\" data-settings=\"{&quot;jet_parallax_layout_list&quot;:[]}\">\n\t\t\t\t<div class=\"elementor-element elementor-element-d9745f5 elementor-widget elementor-widget-image\" data-id=\"d9745f5\" data-element_type=\"widget\" data-e-type=\"widget\" data-widget_type=\"image.default\">\n\t\t\t\t<div class=\"elementor-widget-container\">\n\t\t\t\t\t\t\t\t\t\t\t\t\t\t\t\t<a href=\"https:\/\/golighthouse.com\/tr\/wp-content\/uploads\/2023\/05\/b_New_cleanroom_1.jpg\" data-elementor-open-lightbox=\"yes\" data-elementor-lightbox-title=\"b_New_cleanroom_1\" data-e-action-hash=\"#elementor-action%3Aaction%3Dlightbox%26settings%3DeyJpZCI6OTgxMSwidXJsIjoiaHR0cHM6XC9cL2dvbGlnaHRob3VzZS5jb21cL3RyXC93cC1jb250ZW50XC91cGxvYWRzXC8yMDIzXC8wNVwvYl9OZXdfY2xlYW5yb29tXzEuanBnIn0%3D\">\n\t\t\t\t\t\t\t<img fetchpriority=\"high\" decoding=\"async\" width=\"800\" height=\"599\" src=\"https:\/\/golighthouse.com\/tr\/wp-content\/uploads\/2023\/05\/b_New_cleanroom_1-1024x767.jpg\" class=\"attachment-large size-large wp-image-9811\" alt=\"EMEA cleanroom\" srcset=\"https:\/\/golighthouse.com\/tr\/wp-content\/uploads\/2023\/05\/b_New_cleanroom_1-1024x767.jpg 1024w, https:\/\/golighthouse.com\/tr\/wp-content\/uploads\/2023\/05\/b_New_cleanroom_1-300x225.jpg 300w, https:\/\/golighthouse.com\/tr\/wp-content\/uploads\/2023\/05\/b_New_cleanroom_1-768x575.jpg 768w, https:\/\/golighthouse.com\/tr\/wp-content\/uploads\/2023\/05\/b_New_cleanroom_1.jpg 1200w\" sizes=\"(max-width: 800px) 100vw, 800px\" \/>\t\t\t\t\t\t\t\t<\/a>\n\t\t\t\t\t\t\t\t\t\t\t\t\t\t\t<\/div>\n\t\t\t\t<\/div>\n\t\t\t\t<\/div>\n\t\t\t\t<\/div>\n\t\t\t\t<\/div>\n\t\t","protected":false},"excerpt":{"rendered":"<p>Lighthouse Worldwide Solutions EMEA, akredite merkez ve mobil laboratuvar\u0131nda t\u00fcm kalibrasyon, bak\u0131m ve servis hizmetlerini ger\u00e7ekle\u015ftirecek altyap\u0131y\u0131 bulundurmaktad\u0131r. \u00d6zellikle senelik\u00a0planlanan\u00a0bak\u0131m ve kalibrasyon hizmetlerinde vakit k\u0131s\u0131t\u0131 bulunan sekt\u00f6rler i\u00e7in;\u00a0cihaz lojisti\u011fini minimuma indirecek ve en h\u0131zl\u0131 hizmeti sunabilecek \u015fekilde t\u00fcm hizmetler, akredite mobil laboratuvarlarda ger\u00e7ekle\u015ftirilebilmektedir.\u00a0 Lighthouse partik\u00fcl \u00f6l\u00e7\u00fcm ve aktif \u00f6rnekleme cihazlar\u0131n\u0131zla ilgili her t\u00fcrl\u00fc sorunuz ve [&hellip;]<\/p>\n","protected":false},"author":1,"featured_media":0,"parent":0,"menu_order":0,"comment_status":"closed","ping_status":"closed","template":"elementor_header_footer","meta":{"footnotes":""},"class_list":["post-9808","page","type-page","status-publish","hentry"],"yoast_head":"<!-- This site is optimized with the Yoast SEO plugin v27.4 - https:\/\/yoast.com\/product\/yoast-seo-wordpress\/ -->\n<title>KAL\u0130BRASYON, BAKIM &amp; SERV\u0130S H\u0130ZMETLER\u0130 - EMEA<\/title>\n<meta name=\"robots\" content=\"index, follow, max-snippet:-1, max-image-preview:large, max-video-preview:-1\" \/>\n<link rel=\"canonical\" href=\"https:\/\/golighthouse.com\/tr\/kalibrasyon-ve-onarimlar\/\" \/>\n<meta property=\"og:locale\" content=\"en_US\" \/>\n<meta property=\"og:type\" content=\"article\" \/>\n<meta property=\"og:title\" content=\"KAL\u0130BRASYON, BAKIM &amp; SERV\u0130S H\u0130ZMETLER\u0130 - EMEA\" \/>\n<meta property=\"og:description\" content=\"Lighthouse Worldwide Solutions EMEA, akredite merkez ve mobil laboratuvar\u0131nda t\u00fcm kalibrasyon, bak\u0131m ve servis hizmetlerini ger\u00e7ekle\u015ftirecek altyap\u0131y\u0131 bulundurmaktad\u0131r. \u00d6zellikle senelik\u00a0planlanan\u00a0bak\u0131m ve kalibrasyon hizmetlerinde vakit k\u0131s\u0131t\u0131 bulunan sekt\u00f6rler i\u00e7in;\u00a0cihaz lojisti\u011fini minimuma indirecek ve en h\u0131zl\u0131 hizmeti sunabilecek \u015fekilde t\u00fcm hizmetler, akredite mobil laboratuvarlarda ger\u00e7ekle\u015ftirilebilmektedir.\u00a0 Lighthouse partik\u00fcl \u00f6l\u00e7\u00fcm ve aktif \u00f6rnekleme cihazlar\u0131n\u0131zla ilgili her t\u00fcrl\u00fc sorunuz ve [&hellip;]\" \/>\n<meta property=\"og:url\" content=\"https:\/\/golighthouse.com\/tr\/kalibrasyon-ve-onarimlar\/\" \/>\n<meta property=\"og:site_name\" content=\"EMEA\" \/>\n<meta property=\"article:modified_time\" content=\"2023-06-13T15:24:21+00:00\" \/>\n<meta property=\"og:image\" content=\"https:\/\/golighthouse.com\/tr\/wp-content\/uploads\/2023\/05\/b_New_cleanroom_1-1024x767.jpg\" \/>\n<meta name=\"twitter:card\" content=\"summary_large_image\" \/>\n<meta name=\"twitter:label1\" content=\"Est. reading time\" \/>\n\t<meta name=\"twitter:data1\" content=\"1 minute\" \/>\n<script type=\"application\/ld+json\" class=\"yoast-schema-graph\">{\"@context\":\"https:\\\/\\\/schema.org\",\"@graph\":[{\"@type\":\"WebPage\",\"@id\":\"https:\\\/\\\/golighthouse.com\\\/tr\\\/kalibrasyon-ve-onarimlar\\\/\",\"url\":\"https:\\\/\\\/golighthouse.com\\\/tr\\\/kalibrasyon-ve-onarimlar\\\/\",\"name\":\"KAL\u0130BRASYON, BAKIM &amp; SERV\u0130S H\u0130ZMETLER\u0130 - EMEA\",\"isPartOf\":{\"@id\":\"https:\\\/\\\/golighthouse.com\\\/tr\\\/#website\"},\"primaryImageOfPage\":{\"@id\":\"https:\\\/\\\/golighthouse.com\\\/tr\\\/kalibrasyon-ve-onarimlar\\\/#primaryimage\"},\"image\":{\"@id\":\"https:\\\/\\\/golighthouse.com\\\/tr\\\/kalibrasyon-ve-onarimlar\\\/#primaryimage\"},\"thumbnailUrl\":\"https:\\\/\\\/golighthouse.com\\\/tr\\\/wp-content\\\/uploads\\\/2023\\\/05\\\/b_New_cleanroom_1-1024x767.jpg\",\"datePublished\":\"2023-05-23T16:57:37+00:00\",\"dateModified\":\"2023-06-13T15:24:21+00:00\",\"breadcrumb\":{\"@id\":\"https:\\\/\\\/golighthouse.com\\\/tr\\\/kalibrasyon-ve-onarimlar\\\/#breadcrumb\"},\"inLanguage\":\"en\",\"potentialAction\":[{\"@type\":\"ReadAction\",\"target\":[\"https:\\\/\\\/golighthouse.com\\\/tr\\\/kalibrasyon-ve-onarimlar\\\/\"]}]},{\"@type\":\"ImageObject\",\"inLanguage\":\"en\",\"@id\":\"https:\\\/\\\/golighthouse.com\\\/tr\\\/kalibrasyon-ve-onarimlar\\\/#primaryimage\",\"url\":\"https:\\\/\\\/golighthouse.com\\\/tr\\\/wp-content\\\/uploads\\\/2023\\\/05\\\/b_New_cleanroom_1.jpg\",\"contentUrl\":\"https:\\\/\\\/golighthouse.com\\\/tr\\\/wp-content\\\/uploads\\\/2023\\\/05\\\/b_New_cleanroom_1.jpg\",\"width\":1200,\"height\":899,\"caption\":\"EMEA cleanroom\"},{\"@type\":\"BreadcrumbList\",\"@id\":\"https:\\\/\\\/golighthouse.com\\\/tr\\\/kalibrasyon-ve-onarimlar\\\/#breadcrumb\",\"itemListElement\":[{\"@type\":\"ListItem\",\"position\":1,\"name\":\"Home\",\"item\":\"https:\\\/\\\/golighthouse.com\\\/tr\\\/\"},{\"@type\":\"ListItem\",\"position\":2,\"name\":\"KAL\u0130BRASYON, BAKIM &amp; SERV\u0130S H\u0130ZMETLER\u0130\"}]},{\"@type\":\"WebSite\",\"@id\":\"https:\\\/\\\/golighthouse.com\\\/tr\\\/#website\",\"url\":\"https:\\\/\\\/golighthouse.com\\\/tr\\\/\",\"name\":\"EMEA\",\"description\":\"Just another WordPress site\",\"publisher\":{\"@id\":\"https:\\\/\\\/golighthouse.com\\\/tr\\\/#organization\"},\"potentialAction\":[{\"@type\":\"SearchAction\",\"target\":{\"@type\":\"EntryPoint\",\"urlTemplate\":\"https:\\\/\\\/golighthouse.com\\\/tr\\\/?s={search_term_string}\"},\"query-input\":{\"@type\":\"PropertyValueSpecification\",\"valueRequired\":true,\"valueName\":\"search_term_string\"}}],\"inLanguage\":\"en\"},{\"@type\":\"Organization\",\"@id\":\"https:\\\/\\\/golighthouse.com\\\/tr\\\/#organization\",\"name\":\"EMEA\",\"url\":\"https:\\\/\\\/golighthouse.com\\\/tr\\\/\",\"logo\":{\"@type\":\"ImageObject\",\"inLanguage\":\"en\",\"@id\":\"https:\\\/\\\/golighthouse.com\\\/tr\\\/#\\\/schema\\\/logo\\\/image\\\/\",\"url\":\"https:\\\/\\\/golighthouse.com\\\/tr\\\/wp-content\\\/uploads\\\/2023\\\/05\\\/LWS-Horizontal-White.png\",\"contentUrl\":\"https:\\\/\\\/golighthouse.com\\\/tr\\\/wp-content\\\/uploads\\\/2023\\\/05\\\/LWS-Horizontal-White.png\",\"width\":2495,\"height\":650,\"caption\":\"EMEA\"},\"image\":{\"@id\":\"https:\\\/\\\/golighthouse.com\\\/tr\\\/#\\\/schema\\\/logo\\\/image\\\/\"}}]}<\/script>\n<!-- \/ Yoast SEO plugin. -->","yoast_head_json":{"title":"KAL\u0130BRASYON, BAKIM &amp; SERV\u0130S H\u0130ZMETLER\u0130 - EMEA","robots":{"index":"index","follow":"follow","max-snippet":"max-snippet:-1","max-image-preview":"max-image-preview:large","max-video-preview":"max-video-preview:-1"},"canonical":"https:\/\/golighthouse.com\/tr\/kalibrasyon-ve-onarimlar\/","og_locale":"en_US","og_type":"article","og_title":"KAL\u0130BRASYON, BAKIM &amp; SERV\u0130S H\u0130ZMETLER\u0130 - EMEA","og_description":"Lighthouse Worldwide Solutions EMEA, akredite merkez ve mobil laboratuvar\u0131nda t\u00fcm kalibrasyon, bak\u0131m ve servis hizmetlerini ger\u00e7ekle\u015ftirecek altyap\u0131y\u0131 bulundurmaktad\u0131r. \u00d6zellikle senelik\u00a0planlanan\u00a0bak\u0131m ve kalibrasyon hizmetlerinde vakit k\u0131s\u0131t\u0131 bulunan sekt\u00f6rler i\u00e7in;\u00a0cihaz lojisti\u011fini minimuma indirecek ve en h\u0131zl\u0131 hizmeti sunabilecek \u015fekilde t\u00fcm hizmetler, akredite mobil laboratuvarlarda ger\u00e7ekle\u015ftirilebilmektedir.\u00a0 Lighthouse partik\u00fcl \u00f6l\u00e7\u00fcm ve aktif \u00f6rnekleme cihazlar\u0131n\u0131zla ilgili her t\u00fcrl\u00fc sorunuz ve [&hellip;]","og_url":"https:\/\/golighthouse.com\/tr\/kalibrasyon-ve-onarimlar\/","og_site_name":"EMEA","article_modified_time":"2023-06-13T15:24:21+00:00","og_image":[{"url":"https:\/\/golighthouse.com\/tr\/wp-content\/uploads\/2023\/05\/b_New_cleanroom_1-1024x767.jpg","type":"","width":"","height":""}],"twitter_card":"summary_large_image","twitter_misc":{"Est. reading time":"1 minute"},"schema":{"@context":"https:\/\/schema.org","@graph":[{"@type":"WebPage","@id":"https:\/\/golighthouse.com\/tr\/kalibrasyon-ve-onarimlar\/","url":"https:\/\/golighthouse.com\/tr\/kalibrasyon-ve-onarimlar\/","name":"KAL\u0130BRASYON, BAKIM &amp; SERV\u0130S H\u0130ZMETLER\u0130 - EMEA","isPartOf":{"@id":"https:\/\/golighthouse.com\/tr\/#website"},"primaryImageOfPage":{"@id":"https:\/\/golighthouse.com\/tr\/kalibrasyon-ve-onarimlar\/#primaryimage"},"image":{"@id":"https:\/\/golighthouse.com\/tr\/kalibrasyon-ve-onarimlar\/#primaryimage"},"thumbnailUrl":"https:\/\/golighthouse.com\/tr\/wp-content\/uploads\/2023\/05\/b_New_cleanroom_1-1024x767.jpg","datePublished":"2023-05-23T16:57:37+00:00","dateModified":"2023-06-13T15:24:21+00:00","breadcrumb":{"@id":"https:\/\/golighthouse.com\/tr\/kalibrasyon-ve-onarimlar\/#breadcrumb"},"inLanguage":"en","potentialAction":[{"@type":"ReadAction","target":["https:\/\/golighthouse.com\/tr\/kalibrasyon-ve-onarimlar\/"]}]},{"@type":"ImageObject","inLanguage":"en","@id":"https:\/\/golighthouse.com\/tr\/kalibrasyon-ve-onarimlar\/#primaryimage","url":"https:\/\/golighthouse.com\/tr\/wp-content\/uploads\/2023\/05\/b_New_cleanroom_1.jpg","contentUrl":"https:\/\/golighthouse.com\/tr\/wp-content\/uploads\/2023\/05\/b_New_cleanroom_1.jpg","width":1200,"height":899,"caption":"EMEA cleanroom"},{"@type":"BreadcrumbList","@id":"https:\/\/golighthouse.com\/tr\/kalibrasyon-ve-onarimlar\/#breadcrumb","itemListElement":[{"@type":"ListItem","position":1,"name":"Home","item":"https:\/\/golighthouse.com\/tr\/"},{"@type":"ListItem","position":2,"name":"KAL\u0130BRASYON, BAKIM &amp; SERV\u0130S H\u0130ZMETLER\u0130"}]},{"@type":"WebSite","@id":"https:\/\/golighthouse.com\/tr\/#website","url":"https:\/\/golighthouse.com\/tr\/","name":"EMEA","description":"Just another WordPress site","publisher":{"@id":"https:\/\/golighthouse.com\/tr\/#organization"},"potentialAction":[{"@type":"SearchAction","target":{"@type":"EntryPoint","urlTemplate":"https:\/\/golighthouse.com\/tr\/?s={search_term_string}"},"query-input":{"@type":"PropertyValueSpecification","valueRequired":true,"valueName":"search_term_string"}}],"inLanguage":"en"},{"@type":"Organization","@id":"https:\/\/golighthouse.com\/tr\/#organization","name":"EMEA","url":"https:\/\/golighthouse.com\/tr\/","logo":{"@type":"ImageObject","inLanguage":"en","@id":"https:\/\/golighthouse.com\/tr\/#\/schema\/logo\/image\/","url":"https:\/\/golighthouse.com\/tr\/wp-content\/uploads\/2023\/05\/LWS-Horizontal-White.png","contentUrl":"https:\/\/golighthouse.com\/tr\/wp-content\/uploads\/2023\/05\/LWS-Horizontal-White.png","width":2495,"height":650,"caption":"EMEA"},"image":{"@id":"https:\/\/golighthouse.com\/tr\/#\/schema\/logo\/image\/"}}]}},"_links":{"self":[{"href":"https:\/\/golighthouse.com\/tr\/wp-json\/wp\/v2\/pages\/9808","targetHints":{"allow":["GET"]}}],"collection":[{"href":"https:\/\/golighthouse.com\/tr\/wp-json\/wp\/v2\/pages"}],"about":[{"href":"https:\/\/golighthouse.com\/tr\/wp-json\/wp\/v2\/types\/page"}],"author":[{"embeddable":true,"href":"https:\/\/golighthouse.com\/tr\/wp-json\/wp\/v2\/users\/1"}],"replies":[{"embeddable":true,"href":"https:\/\/golighthouse.com\/tr\/wp-json\/wp\/v2\/comments?post=9808"}],"version-history":[{"count":19,"href":"https:\/\/golighthouse.com\/tr\/wp-json\/wp\/v2\/pages\/9808\/revisions"}],"predecessor-version":[{"id":9960,"href":"https:\/\/golighthouse.com\/tr\/wp-json\/wp\/v2\/pages\/9808\/revisions\/9960"}],"wp:attachment":[{"href":"https:\/\/golighthouse.com\/tr\/wp-json\/wp\/v2\/media?parent=9808"}],"curies":[{"name":"wp","href":"https:\/\/api.w.org\/{rel}","templated":true}]}}